{"id":15,"date":"2024-06-02T00:49:03","date_gmt":"2024-06-01T21:49:03","guid":{"rendered":"https:\/\/1xbet-ih.top\/?page_id=15"},"modified":"2024-06-03T00:35:07","modified_gmt":"2024-06-02T21:35:07","slug":"the-most-popular-games-at-the-1xbet-casino","status":"publish","type":"page","link":"https:\/\/1xbet-ih.top\/es\/the-most-popular-games-at-the-1xbet-casino\/","title":{"rendered":"Los juegos m\u00e1s populares en el casino 1xbet"},"content":{"rendered":"<p><span style=\"font-weight: 400;\">El Casino 1xbet es conocido por su variedad de juegos, ofreciendo a sus usuarios miles de opciones para entretenimiento y ganancias. A continuaci\u00f3n, analizaremos los juegos m\u00e1s populares que atraen a los jugadores con su emocionante atm\u00f3sfera, generosos pagos y gr\u00e1ficos de alta calidad.<\/span><\/p>\n<h2><b>Tragamonedas<\/b><\/h2>\n<ol>\n<li><b>Book of Ra<\/b><span style=\"font-weight: 400;\"> Esta tragamonedas cl\u00e1sica de Novomatic ha ganado el coraz\u00f3n de millones de jugadores con su cautivadora tem\u00e1tica del Antiguo Egipto y la oportunidad de ganar grande. El juego cuenta con cinco carretes y diez l\u00edneas de pago, as\u00ed como una ronda de bonificaci\u00f3n con giros gratis.<\/span><\/li>\n<li><b>Starburst<\/b><span style=\"font-weight: 400;\"> Desarrollado por NetEnt, Starburst sigue siendo una de las tragamonedas m\u00e1s populares gracias a su mec\u00e1nica simple y gr\u00e1ficos vibrantes. Esta tragamonedas de cinco carretes y diez l\u00edneas de pago ofrece emocionantes bonificaciones y oportunidades para grandes ganancias.<\/span><\/li>\n<li><b>Gonzo\u2019s Quest<\/b><span style=\"font-weight: 400;\"> Otra creaci\u00f3n de NetEnt, Gonzo\u2019s Quest ofrece una experiencia de juego \u00fanica con bloques que caen en lugar de carretes regulares. Los jugadores se embarcan en una b\u00fasqueda del tesoro con el conquistador Gonzo, y las caracter\u00edsticas de bonificaci\u00f3n y multiplicadores de ganancias hacen que el juego sea especialmente atractivo.<\/span><\/li>\n<\/ol>\n<h2><b>Juegos de Mesa<\/b><\/h2>\n<ol>\n<li><b>Ruleta<\/b><span style=\"font-weight: 400;\"> La ruleta es un juego de mesa cl\u00e1sico que atrae a los jugadores por su simplicidad y la capacidad de realizar apuestas en varios resultados. 1xbet ofrece diferentes variaciones de ruleta, incluyendo versiones europeas, americanas y francesas, cada una con sus propias caracter\u00edsticas y reglas.<\/span><\/li>\n<li><b>Blackjack<\/b><span style=\"font-weight: 400;\"> El blackjack sigue siendo uno de los juegos de cartas m\u00e1s populares en el casino debido a su combinaci\u00f3n de estrategia y suerte. En 1xbet, encontrar\u00e1s muchas variaciones de blackjack, incluyendo blackjack cl\u00e1sico, europeo y de m\u00faltiples manos.<\/span><\/li>\n<li><b>Baccarat<\/b><span style=\"font-weight: 400;\"> Este juego, amado por muchos por su elegancia y simplicidad, tambi\u00e9n est\u00e1 disponible en 1xbet. Baccarat ofrece tres opciones principales de apuestas: al jugador, al banquero o a un empate, y sus reglas son f\u00e1ciles de dominar incluso para principiantes.<\/span><\/li>\n<\/ol>\n<h2><b>Casino en Vivo<\/b><\/h2>\n<ol>\n<li><b>Ruleta en Vivo<\/b><span style=\"font-weight: 400;\"> Los juegos en vivo con crupieres reales permiten a los jugadores sumergirse en la atm\u00f3sfera de un casino real sin salir de casa. La ruleta en vivo de 1xbet se transmite en alta calidad y permite la interacci\u00f3n con el crupier y otros jugadores en tiempo real.<\/span><\/li>\n<li><b>Blackjack en Vivo<\/b><span style=\"font-weight: 400;\"> Este juego tambi\u00e9n est\u00e1 disponible en modo en vivo, donde crupieres profesionales conducen el juego, creando una atm\u00f3sfera \u00fanica de un casino real. El blackjack en vivo ofrece diversas opciones de apuestas y la oportunidad de chatear con el crupier a trav\u00e9s del chat.<\/span><\/li>\n<li><b>Baccarat en Vivo<\/b><span style=\"font-weight: 400;\"> El baccarat en vivo es muy popular entre los jugadores que aprecian la jugabilidad realista y la capacidad de realizar apuestas en tiempo real. Crupieres profesionales conducen el juego, brindando un servicio de alta calidad y una experiencia de juego envolvente.<\/span><\/li>\n<\/ol>\n<h2><b>P\u00f3ker de Video<\/b><\/h2>\n<ol>\n<li><b>Jacks or Better<\/b><span style=\"font-weight: 400;\"> Este cl\u00e1sico p\u00f3ker de video sigue siendo un favorito entre los jugadores debido a sus reglas simples y altos pagos. El juego ofrece diversas opciones de apuestas y la oportunidad de ganar mediante la recolecci\u00f3n de combinaciones de cartas.<\/span><\/li>\n<li><b>Deuces Wild<\/b><span style=\"font-weight: 400;\"> En esta versi\u00f3n de p\u00f3ker de video, los doses act\u00faan como comodines, aumentando significativamente las posibilidades de ganar. Deuces Wild atrae a los jugadores con la posibilidad de grandes ganancias y diversas estrategias.<\/span><\/li>\n<li><b>Joker Poker<\/b><span style=\"font-weight: 400;\"> Joker Poker utiliza una baraja est\u00e1ndar con la adici\u00f3n de un comod\u00edn, que reemplaza a cualquier carta. Esto agrega un elemento de imprevisibilidad y hace que el juego sea especialmente emocionante.<\/span><\/li>\n<\/ol>\n<h2><b>Conclusi\u00f3n<\/b><\/h2>\n<p><span style=\"font-weight: 400;\">El Casino 1xbet ofrece a sus usuarios una amplia selecci\u00f3n de juegos populares, cada uno con sus propias caracter\u00edsticas y ventajas \u00fanicas. Ya sea que prefieras tragamonedas, juegos de mesa, casino en vivo o p\u00f3ker de video, seguramente encontrar\u00e1s algo a tu gusto. La amplia variedad de juegos, los gr\u00e1ficos de alta calidad y los generosos bonos hacen de 1xbet una opci\u00f3n ideal para todos los entusiastas del juego. \u00a1\u00danete a nosotros y prueba tu suerte en los juegos de casino 1xbet m\u00e1s populares!<\/span><\/p>\n","protected":false},"excerpt":{"rendered":"<p>El Casino 1xbet es conocido por su variedad de juegos, ofreciendo a sus usuarios miles de opciones para entretenimiento y ganancias. A continuaci\u00f3n, analizaremos los juegos m\u00e1s populares que atraen a los jugadores con su emocionante atm\u00f3sfera, generosos pagos y gr\u00e1ficos de alta calidad. Tragamonedas Book of Ra Esta tragamonedas cl\u00e1sica de Novomatic ha ganado&#8230;<\/p>\n","protected":false},"author":1,"featured_media":0,"parent":0,"menu_order":0,"comment_status":"closed","ping_status":"closed","template":"","meta":{"footnotes":""},"class_list":["post-15","page","type-page","status-publish","hentry"],"yoast_head":"<!-- This site is optimized with the Yoast SEO plugin v27.2 - https:\/\/yoast.com\/product\/yoast-seo-wordpress\/ -->\n<title>\u0421\u0430\u043c\u044b\u0435 \u043f\u043e\u043f\u0443\u043b\u044f\u0440\u043d\u044b\u0435 \u0438\u0433\u0440\u044b \u043e\u043d\u043b\u0430\u0439\u043d \u043a\u0430\u0437\u0438\u043d\u043e 1xbet<\/title>\n<meta name=\"description\" content=\"Hemos compilado una lista de los juegos m\u00e1s populares en el casino online 1xbet, elegidos por jugadores de todo el mundo. Las mejores tragamonedas y juegos de crash.\" \/>\n<meta name=\"robots\" content=\"index, follow, max-snippet:-1, max-image-preview:large, max-video-preview:-1\" \/>\n<link rel=\"canonical\" href=\"https:\/\/1xbet-ih.top\/es\/the-most-popular-games-at-the-1xbet-casino\/\" \/>\n<meta property=\"og:locale\" content=\"es_ES\" \/>\n<meta property=\"og:locale:alternate\" content=\"ru_RU\" \/>\n<meta property=\"og:locale:alternate\" content=\"en_US\" \/>\n<meta property=\"og:locale:alternate\" content=\"pt_PT\" \/>\n<meta property=\"og:locale:alternate\" content=\"ro_RO\" \/>\n<meta property=\"og:locale:alternate\" content=\"sr_RS\" \/>\n<meta property=\"og:locale:alternate\" content=\"bg_BG\" \/>\n<meta property=\"og:locale:alternate\" content=\"uk\" \/>\n<meta property=\"og:type\" content=\"article\" \/>\n<meta property=\"og:title\" content=\"\u0421\u0430\u043c\u044b\u0435 \u043f\u043e\u043f\u0443\u043b\u044f\u0440\u043d\u044b\u0435 \u0438\u0433\u0440\u044b \u043e\u043d\u043b\u0430\u0439\u043d \u043a\u0430\u0437\u0438\u043d\u043e 1xbet\" \/>\n<meta property=\"og:description\" content=\"\u041c\u044b \u0441\u043e\u0431\u0440\u0430\u043b\u0438 \u0441\u043f\u0438\u0441\u043e\u043a \u0441\u0430\u043c\u044b\u0445 \u043f\u043e\u043f\u0443\u043b\u044f\u0440\u043d\u044b\u0445 \u0438\u0433\u0440 \u0432 \u043e\u043d\u043b\u0430\u0439\u043d \u043a\u0430\u0437\u0438\u043d\u043e 1xbet, \u043a\u043e\u0442\u043e\u0440\u044b\u0435 \u0432\u044b\u0431\u0438\u0440\u0430\u044e\u0442 \u0438\u0433\u0440\u043e\u043a\u0438 \u043f\u043e \u0432\u0441\u0435\u043c\u0443 \u043c\u0438\u0440\u0443. \u041b\u0443\u0447\u0448\u0438\u0435 \u0441\u043b\u043e\u0442\u044b \u0438 \u043a\u0440\u0430\u0448 \u0438\u0433\u0440\u044b.\" \/>\n<meta property=\"og:url\" content=\"https:\/\/1xbet-ih.top\/es\/the-most-popular-games-at-the-1xbet-casino\/\" \/>\n<meta property=\"og:site_name\" content=\"1xbet\" \/>\n<meta property=\"article:modified_time\" content=\"2024-06-02T21:35:07+00:00\" \/>\n<meta name=\"twitter:card\" content=\"summary_large_image\" \/>\n<meta name=\"twitter:label1\" content=\"Tiempo de lectura\" \/>\n\t<meta name=\"twitter:data1\" content=\"14 minutos\" \/>\n<script type=\"application\/ld+json\" class=\"yoast-schema-graph\">{\"@context\":\"https:\/\/schema.org\",\"@graph\":[{\"@type\":\"WebPage\",\"@id\":\"https:\/\/1xbet-ih.top\/the-most-popular-games-at-the-1xbet-casino\/\",\"url\":\"https:\/\/1xbet-ih.top\/the-most-popular-games-at-the-1xbet-casino\/\",\"name\":\"\u0421\u0430\u043c\u044b\u0435 \u043f\u043e\u043f\u0443\u043b\u044f\u0440\u043d\u044b\u0435 \u0438\u0433\u0440\u044b \u043e\u043d\u043b\u0430\u0439\u043d \u043a\u0430\u0437\u0438\u043d\u043e 1xbet\",\"isPartOf\":{\"@id\":\"https:\/\/1xbet-ih.top\/#website\"},\"datePublished\":\"2024-06-01T21:49:03+00:00\",\"dateModified\":\"2024-06-02T21:35:07+00:00\",\"description\":\"\u041c\u044b \u0441\u043e\u0431\u0440\u0430\u043b\u0438 \u0441\u043f\u0438\u0441\u043e\u043a \u0441\u0430\u043c\u044b\u0445 \u043f\u043e\u043f\u0443\u043b\u044f\u0440\u043d\u044b\u0445 \u0438\u0433\u0440 \u0432 \u043e\u043d\u043b\u0430\u0439\u043d \u043a\u0430\u0437\u0438\u043d\u043e 1xbet, \u043a\u043e\u0442\u043e\u0440\u044b\u0435 \u0432\u044b\u0431\u0438\u0440\u0430\u044e\u0442 \u0438\u0433\u0440\u043e\u043a\u0438 \u043f\u043e \u0432\u0441\u0435\u043c\u0443 \u043c\u0438\u0440\u0443. \u041b\u0443\u0447\u0448\u0438\u0435 \u0441\u043b\u043e\u0442\u044b \u0438 \u043a\u0440\u0430\u0448 \u0438\u0433\u0440\u044b.\",\"breadcrumb\":{\"@id\":\"https:\/\/1xbet-ih.top\/the-most-popular-games-at-the-1xbet-casino\/#breadcrumb\"},\"inLanguage\":\"es-ES\",\"potentialAction\":[{\"@type\":\"ReadAction\",\"target\":[\"https:\/\/1xbet-ih.top\/the-most-popular-games-at-the-1xbet-casino\/\"]}]},{\"@type\":\"BreadcrumbList\",\"@id\":\"https:\/\/1xbet-ih.top\/the-most-popular-games-at-the-1xbet-casino\/#breadcrumb\",\"itemListElement\":[{\"@type\":\"ListItem\",\"position\":1,\"name\":\"Home\",\"item\":\"https:\/\/1xbet-ih.top\/\"},{\"@type\":\"ListItem\",\"position\":2,\"name\":\"\u0421\u0430\u043c\u044b\u0435 \u043f\u043e\u043f\u0443\u043b\u044f\u0440\u043d\u044b\u0435 \u0438\u0433\u0440\u044b \u0432 \u043a\u0430\u0437\u0438\u043d\u043e 1xbet\"}]},{\"@type\":\"WebSite\",\"@id\":\"https:\/\/1xbet-ih.top\/#website\",\"url\":\"https:\/\/1xbet-ih.top\/\",\"name\":\"1xbet\",\"description\":\"\",\"potentialAction\":[{\"@type\":\"SearchAction\",\"target\":{\"@type\":\"EntryPoint\",\"urlTemplate\":\"https:\/\/1xbet-ih.top\/?s={search_term_string}\"},\"query-input\":{\"@type\":\"PropertyValueSpecification\",\"valueRequired\":true,\"valueName\":\"search_term_string\"}}],\"inLanguage\":\"es-ES\"}]}<\/script>\n<!-- \/ Yoast SEO plugin. -->","yoast_head_json":{"title":"\u0421\u0430\u043c\u044b\u0435 \u043f\u043e\u043f\u0443\u043b\u044f\u0440\u043d\u044b\u0435 \u0438\u0433\u0440\u044b \u043e\u043d\u043b\u0430\u0439\u043d \u043a\u0430\u0437\u0438\u043d\u043e 1xbet","description":"Hemos compilado una lista de los juegos m\u00e1s populares en el casino online 1xbet, elegidos por jugadores de todo el mundo. Las mejores tragamonedas y juegos de crash.","robots":{"index":"index","follow":"follow","max-snippet":"max-snippet:-1","max-image-preview":"max-image-preview:large","max-video-preview":"max-video-preview:-1"},"canonical":"https:\/\/1xbet-ih.top\/es\/the-most-popular-games-at-the-1xbet-casino\/","og_locale":"es_ES","og_type":"article","og_title":"\u0421\u0430\u043c\u044b\u0435 \u043f\u043e\u043f\u0443\u043b\u044f\u0440\u043d\u044b\u0435 \u0438\u0433\u0440\u044b \u043e\u043d\u043b\u0430\u0439\u043d \u043a\u0430\u0437\u0438\u043d\u043e 1xbet","og_description":"\u041c\u044b \u0441\u043e\u0431\u0440\u0430\u043b\u0438 \u0441\u043f\u0438\u0441\u043e\u043a \u0441\u0430\u043c\u044b\u0445 \u043f\u043e\u043f\u0443\u043b\u044f\u0440\u043d\u044b\u0445 \u0438\u0433\u0440 \u0432 \u043e\u043d\u043b\u0430\u0439\u043d \u043a\u0430\u0437\u0438\u043d\u043e 1xbet, \u043a\u043e\u0442\u043e\u0440\u044b\u0435 \u0432\u044b\u0431\u0438\u0440\u0430\u044e\u0442 \u0438\u0433\u0440\u043e\u043a\u0438 \u043f\u043e \u0432\u0441\u0435\u043c\u0443 \u043c\u0438\u0440\u0443. \u041b\u0443\u0447\u0448\u0438\u0435 \u0441\u043b\u043e\u0442\u044b \u0438 \u043a\u0440\u0430\u0448 \u0438\u0433\u0440\u044b.","og_url":"https:\/\/1xbet-ih.top\/es\/the-most-popular-games-at-the-1xbet-casino\/","og_site_name":"1xbet","article_modified_time":"2024-06-02T21:35:07+00:00","twitter_card":"summary_large_image","twitter_misc":{"Tiempo de lectura":"14 minutos"},"schema":{"@context":"https:\/\/schema.org","@graph":[{"@type":"WebPage","@id":"https:\/\/1xbet-ih.top\/the-most-popular-games-at-the-1xbet-casino\/","url":"https:\/\/1xbet-ih.top\/the-most-popular-games-at-the-1xbet-casino\/","name":"\u0421\u0430\u043c\u044b\u0435 \u043f\u043e\u043f\u0443\u043b\u044f\u0440\u043d\u044b\u0435 \u0438\u0433\u0440\u044b \u043e\u043d\u043b\u0430\u0439\u043d \u043a\u0430\u0437\u0438\u043d\u043e 1xbet","isPartOf":{"@id":"https:\/\/1xbet-ih.top\/#website"},"datePublished":"2024-06-01T21:49:03+00:00","dateModified":"2024-06-02T21:35:07+00:00","description":"\u041c\u044b \u0441\u043e\u0431\u0440\u0430\u043b\u0438 \u0441\u043f\u0438\u0441\u043e\u043a \u0441\u0430\u043c\u044b\u0445 \u043f\u043e\u043f\u0443\u043b\u044f\u0440\u043d\u044b\u0445 \u0438\u0433\u0440 \u0432 \u043e\u043d\u043b\u0430\u0439\u043d \u043a\u0430\u0437\u0438\u043d\u043e 1xbet, \u043a\u043e\u0442\u043e\u0440\u044b\u0435 \u0432\u044b\u0431\u0438\u0440\u0430\u044e\u0442 \u0438\u0433\u0440\u043e\u043a\u0438 \u043f\u043e \u0432\u0441\u0435\u043c\u0443 \u043c\u0438\u0440\u0443. \u041b\u0443\u0447\u0448\u0438\u0435 \u0441\u043b\u043e\u0442\u044b \u0438 \u043a\u0440\u0430\u0448 \u0438\u0433\u0440\u044b.","breadcrumb":{"@id":"https:\/\/1xbet-ih.top\/the-most-popular-games-at-the-1xbet-casino\/#breadcrumb"},"inLanguage":"es-ES","potentialAction":[{"@type":"ReadAction","target":["https:\/\/1xbet-ih.top\/the-most-popular-games-at-the-1xbet-casino\/"]}]},{"@type":"BreadcrumbList","@id":"https:\/\/1xbet-ih.top\/the-most-popular-games-at-the-1xbet-casino\/#breadcrumb","itemListElement":[{"@type":"ListItem","position":1,"name":"Home","item":"https:\/\/1xbet-ih.top\/"},{"@type":"ListItem","position":2,"name":"\u0421\u0430\u043c\u044b\u0435 \u043f\u043e\u043f\u0443\u043b\u044f\u0440\u043d\u044b\u0435 \u0438\u0433\u0440\u044b \u0432 \u043a\u0430\u0437\u0438\u043d\u043e 1xbet"}]},{"@type":"WebSite","@id":"https:\/\/1xbet-ih.top\/#website","url":"https:\/\/1xbet-ih.top\/","name":"1xbet","description":"","potentialAction":[{"@type":"SearchAction","target":{"@type":"EntryPoint","urlTemplate":"https:\/\/1xbet-ih.top\/?s={search_term_string}"},"query-input":{"@type":"PropertyValueSpecification","valueRequired":true,"valueName":"search_term_string"}}],"inLanguage":"es-ES"}]}},"_links":{"self":[{"href":"https:\/\/1xbet-ih.top\/es\/wp-json\/wp\/v2\/pages\/15","targetHints":{"allow":["GET"]}}],"collection":[{"href":"https:\/\/1xbet-ih.top\/es\/wp-json\/wp\/v2\/pages"}],"about":[{"href":"https:\/\/1xbet-ih.top\/es\/wp-json\/wp\/v2\/types\/page"}],"author":[{"embeddable":true,"href":"https:\/\/1xbet-ih.top\/es\/wp-json\/wp\/v2\/users\/1"}],"replies":[{"embeddable":true,"href":"https:\/\/1xbet-ih.top\/es\/wp-json\/wp\/v2\/comments?post=15"}],"version-history":[{"count":19,"href":"https:\/\/1xbet-ih.top\/es\/wp-json\/wp\/v2\/pages\/15\/revisions"}],"predecessor-version":[{"id":85,"href":"https:\/\/1xbet-ih.top\/es\/wp-json\/wp\/v2\/pages\/15\/revisions\/85"}],"wp:attachment":[{"href":"https:\/\/1xbet-ih.top\/es\/wp-json\/wp\/v2\/media?parent=15"}],"curies":[{"name":"wp","href":"https:\/\/api.w.org\/{rel}","templated":true}]}}