{"id":15,"date":"2024-06-02T00:49:03","date_gmt":"2024-06-01T21:49:03","guid":{"rendered":"https:\/\/1xbet-ih.top\/?page_id=15"},"modified":"2024-06-03T00:35:07","modified_gmt":"2024-06-02T21:35:07","slug":"the-most-popular-games-at-the-1xbet-casino","status":"publish","type":"page","link":"https:\/\/1xbet-ih.top\/pt\/the-most-popular-games-at-the-1xbet-casino\/","title":{"rendered":"Os jogos mais populares no cassino 1xbet"},"content":{"rendered":"<p><span style=\"font-weight: 400;\">O Casino 1xbet \u00e9 conhecido pela sua variedade de jogos, oferecendo aos seus usu\u00e1rios milhares de op\u00e7\u00f5es de entretenimento e ganhos. Abaixo, vamos dar uma olhada nos jogos mais populares que atraem jogadores com sua atmosfera emocionante, pagamentos generosos e gr\u00e1ficos de alta qualidade.<\/span><\/p>\n<h2><b>Slots<\/b><\/h2>\n<ol>\n<li><b>Book of Ra<\/b><span style=\"font-weight: 400;\"> Este slot cl\u00e1ssico da Novomatic conquistou os cora\u00e7\u00f5es de milh\u00f5es de jogadores com seu cativante tema do Egito Antigo e a chance de ganhar grande. O jogo apresenta cinco rolos e dez linhas de pagamento, al\u00e9m de uma rodada de b\u00f4nus com giros gr\u00e1tis.<\/span><\/li>\n<li><b>Starburst<\/b><span style=\"font-weight: 400;\"> Desenvolvido pela NetEnt, Starburst continua sendo um dos slots mais populares gra\u00e7as \u00e0 sua mec\u00e2nica simples e gr\u00e1ficos vibrantes. Este slot de cinco rolos e dez linhas de pagamento oferece emocionantes b\u00f4nus e oportunidades para grandes vit\u00f3rias.<\/span><\/li>\n<li><b>Gonzo&#8217;s Quest<\/b><span style=\"font-weight: 400;\"> Outra cria\u00e7\u00e3o da NetEnt, Gonzo&#8217;s Quest oferece uma experi\u00eancia de jogo \u00fanica com blocos caindo em vez de rolos regulares. Os jogadores embarcam em uma ca\u00e7a ao tesouro com o conquistador Gonzo, e os recursos de b\u00f4nus e multiplicadores de vit\u00f3rias tornam o jogo especialmente envolvente.<\/span><\/li>\n<\/ol>\n<h2><b>Jogos de Mesa<\/b><\/h2>\n<ol>\n<li><b>Roleta<\/b><span style=\"font-weight: 400;\"> A roleta \u00e9 um jogo de mesa cl\u00e1ssico que atrai jogadores pela sua simplicidade e pela possibilidade de fazer apostas em v\u00e1rios resultados. A 1xbet oferece diferentes varia\u00e7\u00f5es de roleta, incluindo vers\u00f5es europeias, americanas e francesas, cada uma com suas pr\u00f3prias caracter\u00edsticas e regras.<\/span><\/li>\n<li><b>Blackjack<\/b><span style=\"font-weight: 400;\"> O blackjack continua sendo um dos jogos de cartas mais populares no cassino devido \u00e0 sua combina\u00e7\u00e3o de estrat\u00e9gia e sorte. Na 1xbet, voc\u00ea encontrar\u00e1 muitas varia\u00e7\u00f5es de blackjack, incluindo blackjack cl\u00e1ssico, europeu e multijogador.<\/span><\/li>\n<li><b>Bacar\u00e1<\/b><span style=\"font-weight: 400;\"> Este jogo, amado por muitos por sua eleg\u00e2ncia e simplicidade, tamb\u00e9m est\u00e1 dispon\u00edvel na 1xbet. O bacar\u00e1 oferece tr\u00eas op\u00e7\u00f5es principais de apostas: no jogador, no banco ou em um empate, e suas regras s\u00e3o f\u00e1ceis de dominar mesmo para iniciantes.<\/span><\/li>\n<\/ol>\n<h2><b>Cassino Ao Vivo<\/b><\/h2>\n<ol>\n<li><b>Roleta Ao Vivo<\/b><span style=\"font-weight: 400;\"> Jogos ao vivo com dealers reais permitem que os jogadores mergulhem na atmosfera de um cassino real sem sair de casa. A Roleta Ao Vivo da 1xbet \u00e9 transmitida em alta qualidade e permite a intera\u00e7\u00e3o com o dealer e outros jogadores em tempo real.<\/span><\/li>\n<li><b>Blackjack Ao Vivo<\/b><span style=\"font-weight: 400;\"> Este jogo tamb\u00e9m est\u00e1 dispon\u00edvel no modo ao vivo, onde dealers profissionais conduzem o jogo, criando uma atmosfera \u00fanica de um cassino real. O Blackjack Ao Vivo oferece v\u00e1rias op\u00e7\u00f5es de apostas e a oportunidade de conversar com o dealer via chat.<\/span><\/li>\n<li><b>Bacar\u00e1 Ao Vivo<\/b><span style=\"font-weight: 400;\"> O Bacar\u00e1 Ao Vivo \u00e9 muito popular entre os jogadores que apreciam a jogabilidade realista e a capacidade de fazer apostas em tempo real. Dealers profissionais conduzem o jogo, oferecendo um servi\u00e7o de alta qualidade e uma experi\u00eancia de jogo envolvente.<\/span><\/li>\n<\/ol>\n<h2><b>Video Poker<\/b><\/h2>\n<ol>\n<li><b>Jacks or Better<\/b><span style=\"font-weight: 400;\"> Este cl\u00e1ssico video poker continua sendo um favorito entre os jogadores devido \u00e0s suas regras simples e altos pagamentos. O jogo oferece v\u00e1rias op\u00e7\u00f5es de apostas e a oportunidade de ganhar ao coletar combina\u00e7\u00f5es de cartas.<\/span><\/li>\n<li><b>Deuces Wild<\/b><span style=\"font-weight: 400;\"> Nesta vers\u00e3o do video poker, os dois agem como coringas, aumentando significativamente as chances de ganhar. Deuces Wild atrai jogadores com a possibilidade de grandes ganhos e v\u00e1rias estrat\u00e9gias.<\/span><\/li>\n<li><b>Joker Poker<\/b><span style=\"font-weight: 400;\"> O Joker Poker usa um baralho padr\u00e3o com a adi\u00e7\u00e3o de um coringa, que substitui qualquer carta. Isso adiciona um elemento de imprevisibilidade e torna o jogo especialmente emocionante.<\/span><\/li>\n<\/ol>\n<h2><b>Conclus\u00e3o<\/b><\/h2>\n<p><span style=\"font-weight: 400;\">O Casino 1xbet oferece aos seus usu\u00e1rios uma ampla sele\u00e7\u00e3o de jogos populares, cada um com suas pr\u00f3prias caracter\u00edsticas e vantagens \u00fanicas. Se voc\u00ea prefere slots, jogos de mesa, cassino ao vivo ou video poker, certamente encontrar\u00e1 algo de seu agrado. A vasta variedade de jogos, gr\u00e1ficos de alta qualidade e generosos b\u00f4nus fazem do 1xbet uma escolha ideal para todos os entusiastas de jogos de azar. Junte-se a n\u00f3s e experimente a sua sorte nos jogos de cassino mais populares do 1xbet!<\/span><\/p>\n","protected":false},"excerpt":{"rendered":"<p>O Casino 1xbet \u00e9 conhecido pela sua variedade de jogos, oferecendo aos seus usu\u00e1rios milhares de op\u00e7\u00f5es de entretenimento e ganhos. Abaixo, vamos dar uma olhada nos jogos mais populares que atraem jogadores com sua atmosfera emocionante, pagamentos generosos e gr\u00e1ficos de alta qualidade. Slots Book of Ra Este slot cl\u00e1ssico da Novomatic conquistou os&#8230;<\/p>\n","protected":false},"author":1,"featured_media":0,"parent":0,"menu_order":0,"comment_status":"closed","ping_status":"closed","template":"","meta":{"footnotes":""},"class_list":["post-15","page","type-page","status-publish","hentry"],"yoast_head":"<!-- This site is optimized with the Yoast SEO plugin v27.2 - https:\/\/yoast.com\/product\/yoast-seo-wordpress\/ -->\n<title>\u0421\u0430\u043c\u044b\u0435 \u043f\u043e\u043f\u0443\u043b\u044f\u0440\u043d\u044b\u0435 \u0438\u0433\u0440\u044b \u043e\u043d\u043b\u0430\u0439\u043d \u043a\u0430\u0437\u0438\u043d\u043e 1xbet<\/title>\n<meta name=\"description\" content=\"Compilamos uma lista dos jogos mais populares no cassino online 1xbet, escolhidos por jogadores de todo o mundo. Os melhores slots e jogos de crash.\" \/>\n<meta name=\"robots\" content=\"index, follow, max-snippet:-1, max-image-preview:large, max-video-preview:-1\" \/>\n<link rel=\"canonical\" href=\"https:\/\/1xbet-ih.top\/pt\/the-most-popular-games-at-the-1xbet-casino\/\" \/>\n<meta property=\"og:locale\" content=\"pt_PT\" \/>\n<meta property=\"og:locale:alternate\" content=\"ru_RU\" \/>\n<meta property=\"og:locale:alternate\" content=\"en_US\" \/>\n<meta property=\"og:locale:alternate\" content=\"es_ES\" \/>\n<meta property=\"og:locale:alternate\" content=\"ro_RO\" \/>\n<meta property=\"og:locale:alternate\" content=\"sr_RS\" \/>\n<meta property=\"og:locale:alternate\" content=\"bg_BG\" \/>\n<meta property=\"og:locale:alternate\" content=\"uk\" \/>\n<meta property=\"og:type\" content=\"article\" \/>\n<meta property=\"og:title\" content=\"\u0421\u0430\u043c\u044b\u0435 \u043f\u043e\u043f\u0443\u043b\u044f\u0440\u043d\u044b\u0435 \u0438\u0433\u0440\u044b \u043e\u043d\u043b\u0430\u0439\u043d \u043a\u0430\u0437\u0438\u043d\u043e 1xbet\" \/>\n<meta property=\"og:description\" content=\"\u041c\u044b \u0441\u043e\u0431\u0440\u0430\u043b\u0438 \u0441\u043f\u0438\u0441\u043e\u043a \u0441\u0430\u043c\u044b\u0445 \u043f\u043e\u043f\u0443\u043b\u044f\u0440\u043d\u044b\u0445 \u0438\u0433\u0440 \u0432 \u043e\u043d\u043b\u0430\u0439\u043d \u043a\u0430\u0437\u0438\u043d\u043e 1xbet, \u043a\u043e\u0442\u043e\u0440\u044b\u0435 \u0432\u044b\u0431\u0438\u0440\u0430\u044e\u0442 \u0438\u0433\u0440\u043e\u043a\u0438 \u043f\u043e \u0432\u0441\u0435\u043c\u0443 \u043c\u0438\u0440\u0443. \u041b\u0443\u0447\u0448\u0438\u0435 \u0441\u043b\u043e\u0442\u044b \u0438 \u043a\u0440\u0430\u0448 \u0438\u0433\u0440\u044b.\" \/>\n<meta property=\"og:url\" content=\"https:\/\/1xbet-ih.top\/pt\/the-most-popular-games-at-the-1xbet-casino\/\" \/>\n<meta property=\"og:site_name\" content=\"1xbet\" \/>\n<meta property=\"article:modified_time\" content=\"2024-06-02T21:35:07+00:00\" \/>\n<meta name=\"twitter:card\" content=\"summary_large_image\" \/>\n<meta name=\"twitter:label1\" content=\"Tempo estimado de leitura\" \/>\n\t<meta name=\"twitter:data1\" content=\"14 minutos\" \/>\n<script type=\"application\/ld+json\" class=\"yoast-schema-graph\">{\"@context\":\"https:\/\/schema.org\",\"@graph\":[{\"@type\":\"WebPage\",\"@id\":\"https:\/\/1xbet-ih.top\/the-most-popular-games-at-the-1xbet-casino\/\",\"url\":\"https:\/\/1xbet-ih.top\/the-most-popular-games-at-the-1xbet-casino\/\",\"name\":\"\u0421\u0430\u043c\u044b\u0435 \u043f\u043e\u043f\u0443\u043b\u044f\u0440\u043d\u044b\u0435 \u0438\u0433\u0440\u044b \u043e\u043d\u043b\u0430\u0439\u043d \u043a\u0430\u0437\u0438\u043d\u043e 1xbet\",\"isPartOf\":{\"@id\":\"https:\/\/1xbet-ih.top\/#website\"},\"datePublished\":\"2024-06-01T21:49:03+00:00\",\"dateModified\":\"2024-06-02T21:35:07+00:00\",\"description\":\"\u041c\u044b \u0441\u043e\u0431\u0440\u0430\u043b\u0438 \u0441\u043f\u0438\u0441\u043e\u043a \u0441\u0430\u043c\u044b\u0445 \u043f\u043e\u043f\u0443\u043b\u044f\u0440\u043d\u044b\u0445 \u0438\u0433\u0440 \u0432 \u043e\u043d\u043b\u0430\u0439\u043d \u043a\u0430\u0437\u0438\u043d\u043e 1xbet, \u043a\u043e\u0442\u043e\u0440\u044b\u0435 \u0432\u044b\u0431\u0438\u0440\u0430\u044e\u0442 \u0438\u0433\u0440\u043e\u043a\u0438 \u043f\u043e \u0432\u0441\u0435\u043c\u0443 \u043c\u0438\u0440\u0443. \u041b\u0443\u0447\u0448\u0438\u0435 \u0441\u043b\u043e\u0442\u044b \u0438 \u043a\u0440\u0430\u0448 \u0438\u0433\u0440\u044b.\",\"breadcrumb\":{\"@id\":\"https:\/\/1xbet-ih.top\/the-most-popular-games-at-the-1xbet-casino\/#breadcrumb\"},\"inLanguage\":\"pt-PT\",\"potentialAction\":[{\"@type\":\"ReadAction\",\"target\":[\"https:\/\/1xbet-ih.top\/the-most-popular-games-at-the-1xbet-casino\/\"]}]},{\"@type\":\"BreadcrumbList\",\"@id\":\"https:\/\/1xbet-ih.top\/the-most-popular-games-at-the-1xbet-casino\/#breadcrumb\",\"itemListElement\":[{\"@type\":\"ListItem\",\"position\":1,\"name\":\"Home\",\"item\":\"https:\/\/1xbet-ih.top\/\"},{\"@type\":\"ListItem\",\"position\":2,\"name\":\"\u0421\u0430\u043c\u044b\u0435 \u043f\u043e\u043f\u0443\u043b\u044f\u0440\u043d\u044b\u0435 \u0438\u0433\u0440\u044b \u0432 \u043a\u0430\u0437\u0438\u043d\u043e 1xbet\"}]},{\"@type\":\"WebSite\",\"@id\":\"https:\/\/1xbet-ih.top\/#website\",\"url\":\"https:\/\/1xbet-ih.top\/\",\"name\":\"1xbet\",\"description\":\"\",\"potentialAction\":[{\"@type\":\"SearchAction\",\"target\":{\"@type\":\"EntryPoint\",\"urlTemplate\":\"https:\/\/1xbet-ih.top\/?s={search_term_string}\"},\"query-input\":{\"@type\":\"PropertyValueSpecification\",\"valueRequired\":true,\"valueName\":\"search_term_string\"}}],\"inLanguage\":\"pt-PT\"}]}<\/script>\n<!-- \/ Yoast SEO plugin. -->","yoast_head_json":{"title":"\u0421\u0430\u043c\u044b\u0435 \u043f\u043e\u043f\u0443\u043b\u044f\u0440\u043d\u044b\u0435 \u0438\u0433\u0440\u044b \u043e\u043d\u043b\u0430\u0439\u043d \u043a\u0430\u0437\u0438\u043d\u043e 1xbet","description":"Compilamos uma lista dos jogos mais populares no cassino online 1xbet, escolhidos por jogadores de todo o mundo. Os melhores slots e jogos de crash.","robots":{"index":"index","follow":"follow","max-snippet":"max-snippet:-1","max-image-preview":"max-image-preview:large","max-video-preview":"max-video-preview:-1"},"canonical":"https:\/\/1xbet-ih.top\/pt\/the-most-popular-games-at-the-1xbet-casino\/","og_locale":"pt_PT","og_type":"article","og_title":"\u0421\u0430\u043c\u044b\u0435 \u043f\u043e\u043f\u0443\u043b\u044f\u0440\u043d\u044b\u0435 \u0438\u0433\u0440\u044b \u043e\u043d\u043b\u0430\u0439\u043d \u043a\u0430\u0437\u0438\u043d\u043e 1xbet","og_description":"\u041c\u044b \u0441\u043e\u0431\u0440\u0430\u043b\u0438 \u0441\u043f\u0438\u0441\u043e\u043a \u0441\u0430\u043c\u044b\u0445 \u043f\u043e\u043f\u0443\u043b\u044f\u0440\u043d\u044b\u0445 \u0438\u0433\u0440 \u0432 \u043e\u043d\u043b\u0430\u0439\u043d \u043a\u0430\u0437\u0438\u043d\u043e 1xbet, \u043a\u043e\u0442\u043e\u0440\u044b\u0435 \u0432\u044b\u0431\u0438\u0440\u0430\u044e\u0442 \u0438\u0433\u0440\u043e\u043a\u0438 \u043f\u043e \u0432\u0441\u0435\u043c\u0443 \u043c\u0438\u0440\u0443. \u041b\u0443\u0447\u0448\u0438\u0435 \u0441\u043b\u043e\u0442\u044b \u0438 \u043a\u0440\u0430\u0448 \u0438\u0433\u0440\u044b.","og_url":"https:\/\/1xbet-ih.top\/pt\/the-most-popular-games-at-the-1xbet-casino\/","og_site_name":"1xbet","article_modified_time":"2024-06-02T21:35:07+00:00","twitter_card":"summary_large_image","twitter_misc":{"Tempo estimado de leitura":"14 minutos"},"schema":{"@context":"https:\/\/schema.org","@graph":[{"@type":"WebPage","@id":"https:\/\/1xbet-ih.top\/the-most-popular-games-at-the-1xbet-casino\/","url":"https:\/\/1xbet-ih.top\/the-most-popular-games-at-the-1xbet-casino\/","name":"\u0421\u0430\u043c\u044b\u0435 \u043f\u043e\u043f\u0443\u043b\u044f\u0440\u043d\u044b\u0435 \u0438\u0433\u0440\u044b \u043e\u043d\u043b\u0430\u0439\u043d \u043a\u0430\u0437\u0438\u043d\u043e 1xbet","isPartOf":{"@id":"https:\/\/1xbet-ih.top\/#website"},"datePublished":"2024-06-01T21:49:03+00:00","dateModified":"2024-06-02T21:35:07+00:00","description":"\u041c\u044b \u0441\u043e\u0431\u0440\u0430\u043b\u0438 \u0441\u043f\u0438\u0441\u043e\u043a \u0441\u0430\u043c\u044b\u0445 \u043f\u043e\u043f\u0443\u043b\u044f\u0440\u043d\u044b\u0445 \u0438\u0433\u0440 \u0432 \u043e\u043d\u043b\u0430\u0439\u043d \u043a\u0430\u0437\u0438\u043d\u043e 1xbet, \u043a\u043e\u0442\u043e\u0440\u044b\u0435 \u0432\u044b\u0431\u0438\u0440\u0430\u044e\u0442 \u0438\u0433\u0440\u043e\u043a\u0438 \u043f\u043e \u0432\u0441\u0435\u043c\u0443 \u043c\u0438\u0440\u0443. \u041b\u0443\u0447\u0448\u0438\u0435 \u0441\u043b\u043e\u0442\u044b \u0438 \u043a\u0440\u0430\u0448 \u0438\u0433\u0440\u044b.","breadcrumb":{"@id":"https:\/\/1xbet-ih.top\/the-most-popular-games-at-the-1xbet-casino\/#breadcrumb"},"inLanguage":"pt-PT","potentialAction":[{"@type":"ReadAction","target":["https:\/\/1xbet-ih.top\/the-most-popular-games-at-the-1xbet-casino\/"]}]},{"@type":"BreadcrumbList","@id":"https:\/\/1xbet-ih.top\/the-most-popular-games-at-the-1xbet-casino\/#breadcrumb","itemListElement":[{"@type":"ListItem","position":1,"name":"Home","item":"https:\/\/1xbet-ih.top\/"},{"@type":"ListItem","position":2,"name":"\u0421\u0430\u043c\u044b\u0435 \u043f\u043e\u043f\u0443\u043b\u044f\u0440\u043d\u044b\u0435 \u0438\u0433\u0440\u044b \u0432 \u043a\u0430\u0437\u0438\u043d\u043e 1xbet"}]},{"@type":"WebSite","@id":"https:\/\/1xbet-ih.top\/#website","url":"https:\/\/1xbet-ih.top\/","name":"1xbet","description":"","potentialAction":[{"@type":"SearchAction","target":{"@type":"EntryPoint","urlTemplate":"https:\/\/1xbet-ih.top\/?s={search_term_string}"},"query-input":{"@type":"PropertyValueSpecification","valueRequired":true,"valueName":"search_term_string"}}],"inLanguage":"pt-PT"}]}},"_links":{"self":[{"href":"https:\/\/1xbet-ih.top\/pt\/wp-json\/wp\/v2\/pages\/15","targetHints":{"allow":["GET"]}}],"collection":[{"href":"https:\/\/1xbet-ih.top\/pt\/wp-json\/wp\/v2\/pages"}],"about":[{"href":"https:\/\/1xbet-ih.top\/pt\/wp-json\/wp\/v2\/types\/page"}],"author":[{"embeddable":true,"href":"https:\/\/1xbet-ih.top\/pt\/wp-json\/wp\/v2\/users\/1"}],"replies":[{"embeddable":true,"href":"https:\/\/1xbet-ih.top\/pt\/wp-json\/wp\/v2\/comments?post=15"}],"version-history":[{"count":19,"href":"https:\/\/1xbet-ih.top\/pt\/wp-json\/wp\/v2\/pages\/15\/revisions"}],"predecessor-version":[{"id":85,"href":"https:\/\/1xbet-ih.top\/pt\/wp-json\/wp\/v2\/pages\/15\/revisions\/85"}],"wp:attachment":[{"href":"https:\/\/1xbet-ih.top\/pt\/wp-json\/wp\/v2\/media?parent=15"}],"curies":[{"name":"wp","href":"https:\/\/api.w.org\/{rel}","templated":true}]}}