{"id":7,"date":"2024-06-02T00:44:21","date_gmt":"2024-06-01T21:44:21","guid":{"rendered":"https:\/\/1xbet-ih.top\/?page_id=7"},"modified":"2024-06-03T00:35:24","modified_gmt":"2024-06-02T21:35:24","slug":"what-is-the-1xbet-casino","status":"publish","type":"page","link":"https:\/\/1xbet-ih.top\/pt\/","title":{"rendered":"O que \u00e9 o cassino 1xbet"},"content":{"rendered":"<p><span style=\"font-weight: 400;\">O 1xbet Casino \u00e9 um dos l\u00edderes no mundo dos jogos de azar online, oferecendo aos jogadores a oportunidade de desfrutar de uma variedade de jogos de azar no conforto de suas casas. Fundado com o objetivo de proporcionar qualidade incompar\u00e1vel e uma ampla sele\u00e7\u00e3o de jogos, o 1xbet conquistou a confian\u00e7a de milh\u00f5es de usu\u00e1rios em todo o mundo. Nosso casino oferece n\u00e3o apenas slots cl\u00e1ssicos e jogos de mesa, mas tamb\u00e9m um formato moderno de casino ao vivo, onde voc\u00ea pode jogar com dealers reais em tempo real.<\/span><\/p>\n<p><span style=\"font-weight: 400;\">Nos esfor\u00e7amos para criar uma atmosfera de casino real para nossos jogadores, garantindo um alto n\u00edvel de servi\u00e7o e seguran\u00e7a. O site do 1xbet foi projetado para atender \u00e0s necessidades at\u00e9 mesmo dos usu\u00e1rios mais exigentes, oferecendo uma variedade de jogos e altas chances de ganhar. Junte-se a n\u00f3s e descubra um mundo de oportunidades ilimitadas e emo\u00e7\u00f5es v\u00edvidas!<\/span><\/p>\n<h2><b>Vantagens do 1xbet Casino<\/b><\/h2>\n<ol>\n<li style=\"font-weight: 400;\" aria-level=\"1\"><b>Ampla variedade de jogos<\/b><span style=\"font-weight: 400;\">: Em nosso casino, voc\u00ea encontrar\u00e1 mais de 2000 jogos, incluindo slots populares, jogos de cartas cl\u00e1ssicos, roleta, p\u00f4quer e muito mais. Colaboramos com os principais fornecedores de software de jogos, como NetEnt, Microgaming, Play\u2019n GO, Yggdrasil e outros, garantindo alta qualidade gr\u00e1fica e sonora.<\/span><\/li>\n<li style=\"font-weight: 400;\" aria-level=\"1\"><b>B\u00f4nus e promo\u00e7\u00f5es<\/b><span style=\"font-weight: 400;\">: O 1xbet Casino oferece alguns dos b\u00f4nus mais atraentes da ind\u00fastria. Novos jogadores podem receber um generoso b\u00f4nus de boas-vindas, que ajudar\u00e1 a come\u00e7ar o jogo com um saldo maior. Promo\u00e7\u00f5es regulares e c\u00f3digos promocionais permitem obter b\u00f4nus adicionais, rodadas gr\u00e1tis e participar de sorteios de pr\u00eamios valiosos.<\/span><\/li>\n<li style=\"font-weight: 400;\" aria-level=\"1\"><b>Interface amig\u00e1vel<\/b><span style=\"font-weight: 400;\">: Nosso site possui uma interface intuitiva que permite navegar facilmente e encontrar os jogos e se\u00e7\u00f5es necess\u00e1rios. A navega\u00e7\u00e3o conveniente e o design bem pensado tornam o processo de jogo o mais confort\u00e1vel poss\u00edvel.<\/span><\/li>\n<li style=\"font-weight: 400;\" aria-level=\"1\"><b>Vers\u00e3o m\u00f3vel<\/b><span style=\"font-weight: 400;\">: Para aqueles que preferem jogar em movimento, o 1xbet oferece uma vers\u00e3o m\u00f3vel completa do site e um aplicativo m\u00f3vel conveniente. Voc\u00ea pode desfrutar de seus jogos favoritos a qualquer hora e em qualquer lugar, usando um smartphone ou tablet.<\/span><\/li>\n<li style=\"font-weight: 400;\" aria-level=\"1\"><b>Seguran\u00e7a<\/b><span style=\"font-weight: 400;\">: Damos especial aten\u00e7\u00e3o \u00e0 seguran\u00e7a de nossos usu\u00e1rios. Todo o tr\u00e1fego do site \u00e9 criptografado usando tecnologias avan\u00e7adas de SSL, garantindo a confidencialidade dos seus dados e a prote\u00e7\u00e3o das transa\u00e7\u00f5es financeiras.<\/span><\/li>\n<li style=\"font-weight: 400;\" aria-level=\"1\"><b>Suporte 24\/7<\/b><span style=\"font-weight: 400;\">: Nosso servi\u00e7o de suporte est\u00e1 pronto para ajudar voc\u00ea a qualquer hora do dia. Voc\u00ea pode nos contatar por telefone, via chat online ou por e-mail. Nos esfor\u00e7amos para resolver prontamente quaisquer quest\u00f5es e problemas que possam surgir para que voc\u00ea possa desfrutar do jogo sem preocupa\u00e7\u00f5es.<\/span><\/li>\n<li style=\"font-weight: 400;\" aria-level=\"1\"><b>Plataforma multil\u00edngue<\/b><span style=\"font-weight: 400;\">: O 1xbet Casino est\u00e1 dispon\u00edvel em v\u00e1rios idiomas, tornando-o conveniente para jogadores de diferentes pa\u00edses. Voc\u00ea pode escolher o idioma da interface e o suporte que for mais conveniente para voc\u00ea.<\/span><\/li>\n<\/ol>\n<h2><b>Desvantagens do Casino<\/b><\/h2>\n<ol>\n<li style=\"font-weight: 400;\" aria-level=\"1\"><b>Restri\u00e7\u00f5es em alguns pa\u00edses<\/b><span style=\"font-weight: 400;\">: Apesar da presen\u00e7a global, o 1xbet Casino n\u00e3o est\u00e1 dispon\u00edvel em alguns pa\u00edses devido a restri\u00e7\u00f5es legais. Isso pode limitar o acesso aos jogos para alguns usu\u00e1rios.<\/span><\/li>\n<li style=\"font-weight: 400;\" aria-level=\"1\"><b>Depend\u00eancia da conex\u00e3o com a internet<\/b><span style=\"font-weight: 400;\">: Para uma experi\u00eancia de jogo confort\u00e1vel, \u00e9 necess\u00e1ria uma conex\u00e3o est\u00e1vel com a internet, o que pode ser problem\u00e1tico em algumas regi\u00f5es. Uma conex\u00e3o ruim pode levar a interrup\u00e7\u00f5es nos jogos e redu\u00e7\u00e3o da qualidade do servi\u00e7o.<\/span><\/li>\n<li style=\"font-weight: 400;\" aria-level=\"1\"><b>Risco de perder dinheiro<\/b><span style=\"font-weight: 400;\">: Como em qualquer estabelecimento de jogos de azar, existe o risco de perder os fundos investidos. \u00c9 importante lembrar da necessidade de uma abordagem respons\u00e1vel ao jogo e definir limites pessoais para evitar problemas financeiros.<\/span><\/li>\n<li style=\"font-weight: 400;\" aria-level=\"1\"><b>Quest\u00f5es regulat\u00f3rias<\/b><span style=\"font-weight: 400;\">: Em alguns pa\u00edses, podem surgir quest\u00f5es quanto \u00e0 legalidade dos cassinos online, o que pode causar inconvenientes para os jogadores. \u00c9 importante verificar os aspectos legislativos em sua regi\u00e3o antes de se registrar.<\/span><\/li>\n<\/ol>\n<h2><b>M\u00e9todos de Registro<\/b><\/h2>\n<p><span style=\"font-weight: 400;\">Registrar-se no 1xbet Casino \u00e9 um processo r\u00e1pido e f\u00e1cil que leva apenas alguns minutos. Oferecemos v\u00e1rios m\u00e9todos de registro convenientes para que voc\u00ea possa escolher o que melhor lhe convier:<\/span><\/p>\n<ol>\n<li style=\"font-weight: 400;\" aria-level=\"1\"><b>Um clique<\/b><span style=\"font-weight: 400;\">: O m\u00e9todo de registro mais r\u00e1pido que requer informa\u00e7\u00f5es m\u00ednimas. Voc\u00ea simplesmente escolhe seu pa\u00eds e moeda, e sua conta est\u00e1 pronta para uso. Depois, voc\u00ea pode completar seus dados na sua conta pessoal.<\/span><\/li>\n<li style=\"font-weight: 400;\" aria-level=\"1\"><b>Por n\u00famero de telefone<\/b><span style=\"font-weight: 400;\">: Insira seu n\u00famero de telefone e receba uma confirma\u00e7\u00e3o por SMS. Este \u00e9 um m\u00e9todo conveniente para quem deseja se registrar rapidamente e come\u00e7ar a jogar imediatamente.<\/span><\/li>\n<li style=\"font-weight: 400;\" aria-level=\"1\"><b>Via e-mail<\/b><span style=\"font-weight: 400;\">: Preencha o formul\u00e1rio com suas informa\u00e7\u00f5es pessoais, incluindo e-mail e senha. Ap\u00f3s confirmar o registro via e-mail, voc\u00ea ter\u00e1 acesso completo a todas as funcionalidades do site.<\/span><\/li>\n<li style=\"font-weight: 400;\" aria-level=\"1\"><b>Redes sociais<\/b><span style=\"font-weight: 400;\">: Use suas contas em redes sociais como Facebook, Google e outras para um registro e login r\u00e1pidos. Isso evita preencher formul\u00e1rios longos e permite que voc\u00ea comece a jogar instantaneamente.<\/span><\/li>\n<\/ol>\n<h2><b>M\u00e9todos de Dep\u00f3sito<\/b><\/h2>\n<p><span style=\"font-weight: 400;\">Para a conveni\u00eancia de nossos usu\u00e1rios, oferecemos v\u00e1rias maneiras de financiar sua conta. Voc\u00ea pode escolher o m\u00e9todo que melhor lhe convier entre as op\u00e7\u00f5es dispon\u00edveis:<\/span><\/p>\n<ol>\n<li style=\"font-weight: 400;\" aria-level=\"1\"><b>Cart\u00f5es banc\u00e1rios<\/b><span style=\"font-weight: 400;\">: Aceitamos Visa, MasterCard e Maestro. Este \u00e9 um dos m\u00e9todos mais populares e seguros para financiar sua conta.<\/span><\/li>\n<li style=\"font-weight: 400;\" aria-level=\"1\"><b>Carteiras eletr\u00f4nicas<\/b><span style=\"font-weight: 400;\">: Servi\u00e7os populares como Skrill, Neteller, WebMoney e outros s\u00e3o suportados. Esses m\u00e9todos garantem transa\u00e7\u00f5es r\u00e1pidas e seguras.<\/span><\/li>\n<\/ol>\n","protected":false},"excerpt":{"rendered":"<p>O 1xbet Casino \u00e9 um dos l\u00edderes no mundo dos jogos de azar online, oferecendo aos jogadores a oportunidade de desfrutar de uma variedade de jogos de azar no conforto de suas casas. Fundado com o objetivo de proporcionar qualidade incompar\u00e1vel e uma ampla sele\u00e7\u00e3o de jogos, o 1xbet conquistou a confian\u00e7a de milh\u00f5es de&#8230;<\/p>\n","protected":false},"author":1,"featured_media":0,"parent":0,"menu_order":0,"comment_status":"closed","ping_status":"closed","template":"","meta":{"footnotes":""},"class_list":["post-7","page","type-page","status-publish","hentry"],"yoast_head":"<!-- This site is optimized with the Yoast SEO plugin v27.2 - https:\/\/yoast.com\/product\/yoast-seo-wordpress\/ -->\n<title>\u0429\u043e \u0442\u0430\u043a\u0435 1xbet \u041e\u043d\u043b\u0430\u0439\u043d \u041a\u0430\u0437\u0438\u043d\u043e?<\/title>\n<meta name=\"description\" content=\"Como jogar e ganhar no casino online 1xbet. Registre-se no site oficial, fa\u00e7a um dep\u00f3sito, retire os ganhos, fa\u00e7a login.\" \/>\n<meta name=\"robots\" content=\"index, follow, max-snippet:-1, max-image-preview:large, max-video-preview:-1\" \/>\n<link rel=\"canonical\" href=\"https:\/\/1xbet-ih.top\/pt\/\" \/>\n<meta property=\"og:locale\" content=\"pt_PT\" \/>\n<meta property=\"og:locale:alternate\" content=\"ru_RU\" \/>\n<meta property=\"og:locale:alternate\" content=\"en_US\" \/>\n<meta property=\"og:locale:alternate\" content=\"es_ES\" \/>\n<meta property=\"og:locale:alternate\" content=\"ro_RO\" \/>\n<meta property=\"og:locale:alternate\" content=\"sr_RS\" \/>\n<meta property=\"og:locale:alternate\" content=\"bg_BG\" \/>\n<meta property=\"og:locale:alternate\" content=\"uk\" \/>\n<meta property=\"og:type\" content=\"article\" \/>\n<meta property=\"og:title\" content=\"\u0429\u043e \u0442\u0430\u043a\u0435 1xbet \u041e\u043d\u043b\u0430\u0439\u043d \u041a\u0430\u0437\u0438\u043d\u043e?\" \/>\n<meta property=\"og:description\" content=\"\u042f\u043a \u0433\u0440\u0430\u0442\u0438 \u0442\u0430 \u0432\u0438\u0433\u0440\u0430\u0432\u0430\u0442\u0438 \u0432 \u043e\u043d\u043b\u0430\u0439\u043d \u043a\u0430\u0437\u0438\u043d\u043e 1xbet. \u0417\u0430\u0440\u0435\u0454\u0441\u0442\u0440\u0443\u0439\u0442\u0435\u0441\u044c \u043d\u0430 \u043e\u0444\u0456\u0446\u0456\u0439\u043d\u043e\u043c\u0443 \u0441\u0430\u0439\u0442\u0456, \u0432\u043d\u0435\u0441\u0456\u0442\u044c \u0434\u0435\u043f\u043e\u0437\u0438\u0442, \u0432\u0438\u0432\u0435\u0434\u0456\u0442\u044c \u0432\u0438\u0433\u0440\u0430\u0448, \u0443\u0432\u0456\u0439\u0434\u0456\u0442\u044c.\" \/>\n<meta property=\"og:url\" content=\"https:\/\/1xbet-ih.top\/pt\/\" \/>\n<meta property=\"og:site_name\" content=\"1xbet\" \/>\n<meta property=\"article:modified_time\" content=\"2024-06-02T21:35:24+00:00\" \/>\n<meta name=\"twitter:card\" content=\"summary_large_image\" \/>\n<meta name=\"twitter:label1\" content=\"Tempo estimado de leitura\" \/>\n\t<meta name=\"twitter:data1\" content=\"19 minutos\" \/>\n<script type=\"application\/ld+json\" class=\"yoast-schema-graph\">{\"@context\":\"https:\/\/schema.org\",\"@graph\":[{\"@type\":\"WebPage\",\"@id\":\"https:\/\/1xbet-ih.top\/\",\"url\":\"https:\/\/1xbet-ih.top\/\",\"name\":\"\u0429\u043e \u0442\u0430\u043a\u0435 1xbet \u041e\u043d\u043b\u0430\u0439\u043d \u041a\u0430\u0437\u0438\u043d\u043e?\",\"isPartOf\":{\"@id\":\"https:\/\/1xbet-ih.top\/#website\"},\"datePublished\":\"2024-06-01T21:44:21+00:00\",\"dateModified\":\"2024-06-02T21:35:24+00:00\",\"description\":\"\u042f\u043a \u0433\u0440\u0430\u0442\u0438 \u0442\u0430 \u0432\u0438\u0433\u0440\u0430\u0432\u0430\u0442\u0438 \u0432 \u043e\u043d\u043b\u0430\u0439\u043d \u043a\u0430\u0437\u0438\u043d\u043e 1xbet. \u0417\u0430\u0440\u0435\u0454\u0441\u0442\u0440\u0443\u0439\u0442\u0435\u0441\u044c \u043d\u0430 \u043e\u0444\u0456\u0446\u0456\u0439\u043d\u043e\u043c\u0443 \u0441\u0430\u0439\u0442\u0456, \u0432\u043d\u0435\u0441\u0456\u0442\u044c \u0434\u0435\u043f\u043e\u0437\u0438\u0442, \u0432\u0438\u0432\u0435\u0434\u0456\u0442\u044c \u0432\u0438\u0433\u0440\u0430\u0448, \u0443\u0432\u0456\u0439\u0434\u0456\u0442\u044c.\",\"breadcrumb\":{\"@id\":\"https:\/\/1xbet-ih.top\/#breadcrumb\"},\"inLanguage\":\"pt-PT\",\"potentialAction\":[{\"@type\":\"ReadAction\",\"target\":[\"https:\/\/1xbet-ih.top\/\"]}]},{\"@type\":\"BreadcrumbList\",\"@id\":\"https:\/\/1xbet-ih.top\/#breadcrumb\",\"itemListElement\":[{\"@type\":\"ListItem\",\"position\":1,\"name\":\"Home\",\"item\":\"https:\/\/1xbet-ih.top\/\"},{\"@type\":\"ListItem\",\"position\":2,\"name\":\"\u0429\u043e \u0442\u0430\u043a\u0435 \u043a\u0430\u0437\u0438\u043d\u043e 1xbet?\"}]},{\"@type\":\"WebSite\",\"@id\":\"https:\/\/1xbet-ih.top\/#website\",\"url\":\"https:\/\/1xbet-ih.top\/\",\"name\":\"1xbet\",\"description\":\"\",\"potentialAction\":[{\"@type\":\"SearchAction\",\"target\":{\"@type\":\"EntryPoint\",\"urlTemplate\":\"https:\/\/1xbet-ih.top\/?s={search_term_string}\"},\"query-input\":{\"@type\":\"PropertyValueSpecification\",\"valueRequired\":true,\"valueName\":\"search_term_string\"}}],\"inLanguage\":\"pt-PT\"}]}<\/script>\n<!-- \/ Yoast SEO plugin. -->","yoast_head_json":{"title":"\u0429\u043e \u0442\u0430\u043a\u0435 1xbet \u041e\u043d\u043b\u0430\u0439\u043d \u041a\u0430\u0437\u0438\u043d\u043e?","description":"Como jogar e ganhar no casino online 1xbet. Registre-se no site oficial, fa\u00e7a um dep\u00f3sito, retire os ganhos, fa\u00e7a login.","robots":{"index":"index","follow":"follow","max-snippet":"max-snippet:-1","max-image-preview":"max-image-preview:large","max-video-preview":"max-video-preview:-1"},"canonical":"https:\/\/1xbet-ih.top\/pt\/","og_locale":"pt_PT","og_type":"article","og_title":"\u0429\u043e \u0442\u0430\u043a\u0435 1xbet \u041e\u043d\u043b\u0430\u0439\u043d \u041a\u0430\u0437\u0438\u043d\u043e?","og_description":"\u042f\u043a \u0433\u0440\u0430\u0442\u0438 \u0442\u0430 \u0432\u0438\u0433\u0440\u0430\u0432\u0430\u0442\u0438 \u0432 \u043e\u043d\u043b\u0430\u0439\u043d \u043a\u0430\u0437\u0438\u043d\u043e 1xbet. \u0417\u0430\u0440\u0435\u0454\u0441\u0442\u0440\u0443\u0439\u0442\u0435\u0441\u044c \u043d\u0430 \u043e\u0444\u0456\u0446\u0456\u0439\u043d\u043e\u043c\u0443 \u0441\u0430\u0439\u0442\u0456, \u0432\u043d\u0435\u0441\u0456\u0442\u044c \u0434\u0435\u043f\u043e\u0437\u0438\u0442, \u0432\u0438\u0432\u0435\u0434\u0456\u0442\u044c \u0432\u0438\u0433\u0440\u0430\u0448, \u0443\u0432\u0456\u0439\u0434\u0456\u0442\u044c.","og_url":"https:\/\/1xbet-ih.top\/pt\/","og_site_name":"1xbet","article_modified_time":"2024-06-02T21:35:24+00:00","twitter_card":"summary_large_image","twitter_misc":{"Tempo estimado de leitura":"19 minutos"},"schema":{"@context":"https:\/\/schema.org","@graph":[{"@type":"WebPage","@id":"https:\/\/1xbet-ih.top\/","url":"https:\/\/1xbet-ih.top\/","name":"\u0429\u043e \u0442\u0430\u043a\u0435 1xbet \u041e\u043d\u043b\u0430\u0439\u043d \u041a\u0430\u0437\u0438\u043d\u043e?","isPartOf":{"@id":"https:\/\/1xbet-ih.top\/#website"},"datePublished":"2024-06-01T21:44:21+00:00","dateModified":"2024-06-02T21:35:24+00:00","description":"\u042f\u043a \u0433\u0440\u0430\u0442\u0438 \u0442\u0430 \u0432\u0438\u0433\u0440\u0430\u0432\u0430\u0442\u0438 \u0432 \u043e\u043d\u043b\u0430\u0439\u043d \u043a\u0430\u0437\u0438\u043d\u043e 1xbet. \u0417\u0430\u0440\u0435\u0454\u0441\u0442\u0440\u0443\u0439\u0442\u0435\u0441\u044c \u043d\u0430 \u043e\u0444\u0456\u0446\u0456\u0439\u043d\u043e\u043c\u0443 \u0441\u0430\u0439\u0442\u0456, \u0432\u043d\u0435\u0441\u0456\u0442\u044c \u0434\u0435\u043f\u043e\u0437\u0438\u0442, \u0432\u0438\u0432\u0435\u0434\u0456\u0442\u044c \u0432\u0438\u0433\u0440\u0430\u0448, \u0443\u0432\u0456\u0439\u0434\u0456\u0442\u044c.","breadcrumb":{"@id":"https:\/\/1xbet-ih.top\/#breadcrumb"},"inLanguage":"pt-PT","potentialAction":[{"@type":"ReadAction","target":["https:\/\/1xbet-ih.top\/"]}]},{"@type":"BreadcrumbList","@id":"https:\/\/1xbet-ih.top\/#breadcrumb","itemListElement":[{"@type":"ListItem","position":1,"name":"Home","item":"https:\/\/1xbet-ih.top\/"},{"@type":"ListItem","position":2,"name":"\u0429\u043e \u0442\u0430\u043a\u0435 \u043a\u0430\u0437\u0438\u043d\u043e 1xbet?"}]},{"@type":"WebSite","@id":"https:\/\/1xbet-ih.top\/#website","url":"https:\/\/1xbet-ih.top\/","name":"1xbet","description":"","potentialAction":[{"@type":"SearchAction","target":{"@type":"EntryPoint","urlTemplate":"https:\/\/1xbet-ih.top\/?s={search_term_string}"},"query-input":{"@type":"PropertyValueSpecification","valueRequired":true,"valueName":"search_term_string"}}],"inLanguage":"pt-PT"}]}},"_links":{"self":[{"href":"https:\/\/1xbet-ih.top\/pt\/wp-json\/wp\/v2\/pages\/7","targetHints":{"allow":["GET"]}}],"collection":[{"href":"https:\/\/1xbet-ih.top\/pt\/wp-json\/wp\/v2\/pages"}],"about":[{"href":"https:\/\/1xbet-ih.top\/pt\/wp-json\/wp\/v2\/types\/page"}],"author":[{"embeddable":true,"href":"https:\/\/1xbet-ih.top\/pt\/wp-json\/wp\/v2\/users\/1"}],"replies":[{"embeddable":true,"href":"https:\/\/1xbet-ih.top\/pt\/wp-json\/wp\/v2\/comments?post=7"}],"version-history":[{"count":16,"href":"https:\/\/1xbet-ih.top\/pt\/wp-json\/wp\/v2\/pages\/7\/revisions"}],"predecessor-version":[{"id":87,"href":"https:\/\/1xbet-ih.top\/pt\/wp-json\/wp\/v2\/pages\/7\/revisions\/87"}],"wp:attachment":[{"href":"https:\/\/1xbet-ih.top\/pt\/wp-json\/wp\/v2\/media?parent=7"}],"curies":[{"name":"wp","href":"https:\/\/api.w.org\/{rel}","templated":true}]}}