{"id":13,"date":"2024-06-02T00:47:50","date_gmt":"2024-06-01T21:47:50","guid":{"rendered":"https:\/\/1xbet-ih.top\/?page_id=13"},"modified":"2024-06-03T00:35:02","modified_gmt":"2024-06-02T21:35:02","slug":"reviews-of-the-1xbet-online-casino","status":"publish","type":"page","link":"https:\/\/1xbet-ih.top\/ro\/reviews-of-the-1xbet-online-casino\/","title":{"rendered":"Recenzii despre cazinoul online 1xbet"},"content":{"rendered":"<ol>\n<li style=\"font-weight: 400;\" aria-level=\"1\"><b>Alexey, 32 de ani<\/b><span style=\"font-weight: 400;\">: &#8222;Am jucat la 1xbet timp de peste un an \u0219i \u00eemi place foarte mult varietatea de jocuri. Jocurile live cu dealeri reali sunt deosebit de impresionante. Interfa\u021ba este convenabil\u0103 \u0219i u\u0219or de \u00een\u021beles, iar bonusurile ajut\u0103 s\u0103 \u00eencepi jocul cu un capital ini\u021bial bun.&#8221;<\/span><\/li>\n<li style=\"font-weight: 400;\" aria-level=\"1\"><b>Ekaterina, 28 de ani<\/b><span style=\"font-weight: 400;\">: &#8222;1xbet este cazinoul meu online preferat. \u00cemi place foarte mult c\u0103 po\u021bi juca pe smartphone-ul t\u0103u datorit\u0103 aplica\u021biei convenabile. Retragerile sunt \u00eentotdeauna rapide \u0219i f\u0103r\u0103 probleme. Recomand tuturor iubitorilor de jocuri de noroc.&#8221;<\/span><\/li>\n<li style=\"font-weight: 400;\" aria-level=\"1\"><b>Dmitry, 40 de ani<\/b><span style=\"font-weight: 400;\">: &#8222;Cazinoul 1xbet m-a surprins pl\u0103cut cu o gam\u0103 larg\u0103 de sloturi \u0219i jocuri de c\u0103r\u021bi. \u00cenregistrarea a durat c\u00e2teva minute, iar bonusurile au f\u0103cut jocul \u0219i mai interesant. Au existat c\u00e2teva \u00eentreb\u0103ri, dar echipa de suport le-a rezolvat rapid \u0219i profesional.&#8221;<\/span><\/li>\n<li style=\"font-weight: 400;\" aria-level=\"1\"><b>Marina, 35 de ani<\/b><span style=\"font-weight: 400;\">: &#8222;Joc la 1xbet de c\u00e2teva luni acum. \u00cemi place foarte mult c\u0103 po\u021bi alimenta contul cu criptomonede &#8211; este rapid \u0219i convenabil. Sistemul de bonusuri este excelent, mai ales pentru juc\u0103torii noi. \u00cen ceea ce prive\u0219te dezavantajele, uneori exist\u0103 \u00eent\u00e2rzieri la retragerea fondurilor.&#8221;<\/span><\/li>\n<li style=\"font-weight: 400;\" aria-level=\"1\"><b>Ivan, 29 de ani<\/b><span style=\"font-weight: 400;\">: &#8222;Iubesc s\u0103 joc rulet\u0103 la 1xbet. Atmosfera unui cazino real este transmis\u0103 perfect datorit\u0103 dealerilor live. Site-ul func\u021bioneaz\u0103 stabil, nu exist\u0103 probleme tehnice. Foarte mul\u021bumit de alegerea mea.&#8221;<\/span><\/li>\n<li style=\"font-weight: 400;\" aria-level=\"1\"><b>Olga, 31 de ani<\/b><span style=\"font-weight: 400;\">: &#8222;1xbet este unul dintre cele mai bune cazinouri online la care am jucat. Selec\u021bia excelent\u0103 de jocuri, interfa\u021ba prietenoas\u0103 \u0219i \u00eenregistrarea rapid\u0103. Nu au fost probleme cu retragerea c\u00e2\u0219tigurilor. Singurul lucru pe care mi l-a\u0219 dori sunt mai multe promo\u021bii \u0219i bonusuri pentru juc\u0103torii obi\u0219nui\u021bi.&#8221;<\/span><\/li>\n<li style=\"font-weight: 400;\" aria-level=\"1\"><b>Sergey, 45 de ani<\/b><span style=\"font-weight: 400;\">: &#8222;Am \u00eenceput s\u0103 joc la 1xbet la recomandarea unui prieten. Prima impresie a fost foarte bun\u0103: o gam\u0103 larg\u0103 de jocuri \u0219i bonusuri avantajoase. Retragerile sunt, de asemenea, pl\u0103cute &#8211; banii vin rapid. Planific s\u0103 continui s\u0103 joc aici.&#8221;<\/span><\/li>\n<li style=\"font-weight: 400;\" aria-level=\"1\"><b>Anna, 26 de ani<\/b><span style=\"font-weight: 400;\">: &#8222;Cazinoul 1xbet m-a surprins cu profesionalismul s\u0103u. \u00centreb\u0103rile c\u0103tre suport au fost rezolvate instantaneu, bonusurile sunt excelente, \u00een special pachetul de bun venit. \u00cen ceea ce prive\u0219te dezavantajele, nu toate sloturile au versiuni demo.&#8221;<\/span><\/li>\n<li style=\"font-weight: 400;\" aria-level=\"1\"><b>Mikhail, 34 de ani<\/b><span style=\"font-weight: 400;\">: &#8222;Am jucat la multe cazinouri online, dar 1xbet a devenit favoritul meu. \u00cen special m-am bucurat de num\u0103rul uria\u0219 de jocuri \u0219i interfa\u021ba prietenoas\u0103. Retragerile sunt \u00eentotdeauna f\u0103r\u0103 \u00eent\u00e2rzieri. Recomand acest cazino tuturor prietenilor mei.&#8221;<\/span><\/li>\n<li style=\"font-weight: 400;\" aria-level=\"1\"><b>Elena, 38 de ani<\/b><span style=\"font-weight: 400;\">: &#8222;1xbet este un cazinou excelent cu o reputa\u021bie bun\u0103. Aplica\u021bia mobil\u0103 convenabil\u0103 v\u0103 permite s\u0103 juca\u021bi oric\u00e2nd \u0219i oriunde. Sunt mul\u021bumit de num\u0103rul mare de promo\u021bii \u0219i bonusuri, care v\u0103 permit s\u0103 prelungi\u021bi pl\u0103cerea jocului. Nu am observat p\u00e2n\u0103 acum niciun dezavantaj.&#8221;<\/span><\/li>\n<\/ol>\n","protected":false},"excerpt":{"rendered":"<p>Alexey, 32 de ani: &#8222;Am jucat la 1xbet timp de peste un an \u0219i \u00eemi place foarte mult varietatea de jocuri. Jocurile live cu dealeri reali sunt deosebit de impresionante. Interfa\u021ba este convenabil\u0103 \u0219i u\u0219or de \u00een\u021beles, iar bonusurile ajut\u0103 s\u0103 \u00eencepi jocul cu un capital ini\u021bial bun.&#8221; Ekaterina, 28 de ani: &#8222;1xbet este cazinoul&#8230;<\/p>\n","protected":false},"author":1,"featured_media":0,"parent":0,"menu_order":0,"comment_status":"closed","ping_status":"closed","template":"","meta":{"footnotes":""},"class_list":["post-13","page","type-page","status-publish","hentry"],"yoast_head":"<!-- This site is optimized with the Yoast SEO plugin v27.2 - https:\/\/yoast.com\/product\/yoast-seo-wordpress\/ -->\n<title>\u041e\u0442\u0437\u044b\u0432\u044b \u043e\u0431 \u043e\u043d\u043b\u0430\u0439\u043d \u043a\u0430\u0437\u0438\u043d\u043e 1xbet<\/title>\n<meta name=\"description\" content=\"Recenzii de la juc\u0103tori reali despre cazinoul online 1xbet. Tot ce ai vrut s\u0103 \u0219tii despre cazinoul online 1xbet.\" \/>\n<meta name=\"robots\" content=\"index, follow, max-snippet:-1, max-image-preview:large, max-video-preview:-1\" \/>\n<link rel=\"canonical\" href=\"https:\/\/1xbet-ih.top\/ro\/reviews-of-the-1xbet-online-casino\/\" \/>\n<meta property=\"og:locale\" content=\"ro_RO\" \/>\n<meta property=\"og:locale:alternate\" content=\"ru_RU\" \/>\n<meta property=\"og:locale:alternate\" content=\"en_US\" \/>\n<meta property=\"og:locale:alternate\" content=\"pt_PT\" \/>\n<meta property=\"og:locale:alternate\" content=\"es_ES\" \/>\n<meta property=\"og:locale:alternate\" content=\"sr_RS\" \/>\n<meta property=\"og:locale:alternate\" content=\"bg_BG\" \/>\n<meta property=\"og:locale:alternate\" content=\"uk\" \/>\n<meta property=\"og:type\" content=\"article\" \/>\n<meta property=\"og:title\" content=\"\u041e\u0442\u0437\u044b\u0432\u044b \u043e\u0431 \u043e\u043d\u043b\u0430\u0439\u043d \u043a\u0430\u0437\u0438\u043d\u043e 1xbet\" \/>\n<meta property=\"og:description\" content=\"\u041e\u0442\u0437\u044b\u0432\u044b \u0440\u0435\u0430\u043b\u044c\u043d\u044b\u0445 \u0438\u0433\u0440\u043e\u043a\u043e\u0432 \u043e\u0431 \u043e\u043d\u043b\u0430\u0439\u043d \u043a\u0430\u0437\u0438\u043d\u043e 1xbet. \u0412\u0441\u0435, \u0447\u0442\u043e \u0432\u044b \u0445\u043e\u0442\u0435\u043b\u0438 \u0437\u043d\u0430\u0442\u044c \u043e\u0431 \u043e\u043d\u043b\u0430\u0439\u043d \u043a\u0430\u0437\u0438\u043d\u043e 1xbet\" \/>\n<meta property=\"og:url\" content=\"https:\/\/1xbet-ih.top\/ro\/reviews-of-the-1xbet-online-casino\/\" \/>\n<meta property=\"og:site_name\" content=\"1xbet\" \/>\n<meta property=\"article:modified_time\" content=\"2024-06-02T21:35:02+00:00\" \/>\n<meta name=\"twitter:card\" content=\"summary_large_image\" \/>\n<meta name=\"twitter:label1\" content=\"Timp estimat pentru citire\" \/>\n\t<meta name=\"twitter:data1\" content=\"10 minute\" \/>\n<script type=\"application\/ld+json\" class=\"yoast-schema-graph\">{\"@context\":\"https:\/\/schema.org\",\"@graph\":[{\"@type\":\"WebPage\",\"@id\":\"https:\/\/1xbet-ih.top\/reviews-of-the-1xbet-online-casino\/\",\"url\":\"https:\/\/1xbet-ih.top\/reviews-of-the-1xbet-online-casino\/\",\"name\":\"\u041e\u0442\u0437\u044b\u0432\u044b \u043e\u0431 \u043e\u043d\u043b\u0430\u0439\u043d \u043a\u0430\u0437\u0438\u043d\u043e 1xbet\",\"isPartOf\":{\"@id\":\"https:\/\/1xbet-ih.top\/#website\"},\"datePublished\":\"2024-06-01T21:47:50+00:00\",\"dateModified\":\"2024-06-02T21:35:02+00:00\",\"description\":\"\u041e\u0442\u0437\u044b\u0432\u044b \u0440\u0435\u0430\u043b\u044c\u043d\u044b\u0445 \u0438\u0433\u0440\u043e\u043a\u043e\u0432 \u043e\u0431 \u043e\u043d\u043b\u0430\u0439\u043d \u043a\u0430\u0437\u0438\u043d\u043e 1xbet. \u0412\u0441\u0435, \u0447\u0442\u043e \u0432\u044b \u0445\u043e\u0442\u0435\u043b\u0438 \u0437\u043d\u0430\u0442\u044c \u043e\u0431 \u043e\u043d\u043b\u0430\u0439\u043d \u043a\u0430\u0437\u0438\u043d\u043e 1xbet\",\"breadcrumb\":{\"@id\":\"https:\/\/1xbet-ih.top\/reviews-of-the-1xbet-online-casino\/#breadcrumb\"},\"inLanguage\":\"ro-RO\",\"potentialAction\":[{\"@type\":\"ReadAction\",\"target\":[\"https:\/\/1xbet-ih.top\/reviews-of-the-1xbet-online-casino\/\"]}]},{\"@type\":\"BreadcrumbList\",\"@id\":\"https:\/\/1xbet-ih.top\/reviews-of-the-1xbet-online-casino\/#breadcrumb\",\"itemListElement\":[{\"@type\":\"ListItem\",\"position\":1,\"name\":\"Home\",\"item\":\"https:\/\/1xbet-ih.top\/\"},{\"@type\":\"ListItem\",\"position\":2,\"name\":\"\u041e\u0442\u0437\u044b\u0432\u044b \u043e\u0431 \u043e\u043d\u043b\u0430\u0439\u043d \u043a\u0430\u0437\u0438\u043d\u043e 1xbet\"}]},{\"@type\":\"WebSite\",\"@id\":\"https:\/\/1xbet-ih.top\/#website\",\"url\":\"https:\/\/1xbet-ih.top\/\",\"name\":\"1xbet\",\"description\":\"\",\"potentialAction\":[{\"@type\":\"SearchAction\",\"target\":{\"@type\":\"EntryPoint\",\"urlTemplate\":\"https:\/\/1xbet-ih.top\/?s={search_term_string}\"},\"query-input\":{\"@type\":\"PropertyValueSpecification\",\"valueRequired\":true,\"valueName\":\"search_term_string\"}}],\"inLanguage\":\"ro-RO\"}]}<\/script>\n<!-- \/ Yoast SEO plugin. -->","yoast_head_json":{"title":"\u041e\u0442\u0437\u044b\u0432\u044b \u043e\u0431 \u043e\u043d\u043b\u0430\u0439\u043d \u043a\u0430\u0437\u0438\u043d\u043e 1xbet","description":"Recenzii de la juc\u0103tori reali despre cazinoul online 1xbet. Tot ce ai vrut s\u0103 \u0219tii despre cazinoul online 1xbet.","robots":{"index":"index","follow":"follow","max-snippet":"max-snippet:-1","max-image-preview":"max-image-preview:large","max-video-preview":"max-video-preview:-1"},"canonical":"https:\/\/1xbet-ih.top\/ro\/reviews-of-the-1xbet-online-casino\/","og_locale":"ro_RO","og_type":"article","og_title":"\u041e\u0442\u0437\u044b\u0432\u044b \u043e\u0431 \u043e\u043d\u043b\u0430\u0439\u043d \u043a\u0430\u0437\u0438\u043d\u043e 1xbet","og_description":"\u041e\u0442\u0437\u044b\u0432\u044b \u0440\u0435\u0430\u043b\u044c\u043d\u044b\u0445 \u0438\u0433\u0440\u043e\u043a\u043e\u0432 \u043e\u0431 \u043e\u043d\u043b\u0430\u0439\u043d \u043a\u0430\u0437\u0438\u043d\u043e 1xbet. \u0412\u0441\u0435, \u0447\u0442\u043e \u0432\u044b \u0445\u043e\u0442\u0435\u043b\u0438 \u0437\u043d\u0430\u0442\u044c \u043e\u0431 \u043e\u043d\u043b\u0430\u0439\u043d \u043a\u0430\u0437\u0438\u043d\u043e 1xbet","og_url":"https:\/\/1xbet-ih.top\/ro\/reviews-of-the-1xbet-online-casino\/","og_site_name":"1xbet","article_modified_time":"2024-06-02T21:35:02+00:00","twitter_card":"summary_large_image","twitter_misc":{"Timp estimat pentru citire":"10 minute"},"schema":{"@context":"https:\/\/schema.org","@graph":[{"@type":"WebPage","@id":"https:\/\/1xbet-ih.top\/reviews-of-the-1xbet-online-casino\/","url":"https:\/\/1xbet-ih.top\/reviews-of-the-1xbet-online-casino\/","name":"\u041e\u0442\u0437\u044b\u0432\u044b \u043e\u0431 \u043e\u043d\u043b\u0430\u0439\u043d \u043a\u0430\u0437\u0438\u043d\u043e 1xbet","isPartOf":{"@id":"https:\/\/1xbet-ih.top\/#website"},"datePublished":"2024-06-01T21:47:50+00:00","dateModified":"2024-06-02T21:35:02+00:00","description":"\u041e\u0442\u0437\u044b\u0432\u044b \u0440\u0435\u0430\u043b\u044c\u043d\u044b\u0445 \u0438\u0433\u0440\u043e\u043a\u043e\u0432 \u043e\u0431 \u043e\u043d\u043b\u0430\u0439\u043d \u043a\u0430\u0437\u0438\u043d\u043e 1xbet. \u0412\u0441\u0435, \u0447\u0442\u043e \u0432\u044b \u0445\u043e\u0442\u0435\u043b\u0438 \u0437\u043d\u0430\u0442\u044c \u043e\u0431 \u043e\u043d\u043b\u0430\u0439\u043d \u043a\u0430\u0437\u0438\u043d\u043e 1xbet","breadcrumb":{"@id":"https:\/\/1xbet-ih.top\/reviews-of-the-1xbet-online-casino\/#breadcrumb"},"inLanguage":"ro-RO","potentialAction":[{"@type":"ReadAction","target":["https:\/\/1xbet-ih.top\/reviews-of-the-1xbet-online-casino\/"]}]},{"@type":"BreadcrumbList","@id":"https:\/\/1xbet-ih.top\/reviews-of-the-1xbet-online-casino\/#breadcrumb","itemListElement":[{"@type":"ListItem","position":1,"name":"Home","item":"https:\/\/1xbet-ih.top\/"},{"@type":"ListItem","position":2,"name":"\u041e\u0442\u0437\u044b\u0432\u044b \u043e\u0431 \u043e\u043d\u043b\u0430\u0439\u043d \u043a\u0430\u0437\u0438\u043d\u043e 1xbet"}]},{"@type":"WebSite","@id":"https:\/\/1xbet-ih.top\/#website","url":"https:\/\/1xbet-ih.top\/","name":"1xbet","description":"","potentialAction":[{"@type":"SearchAction","target":{"@type":"EntryPoint","urlTemplate":"https:\/\/1xbet-ih.top\/?s={search_term_string}"},"query-input":{"@type":"PropertyValueSpecification","valueRequired":true,"valueName":"search_term_string"}}],"inLanguage":"ro-RO"}]}},"_links":{"self":[{"href":"https:\/\/1xbet-ih.top\/ro\/wp-json\/wp\/v2\/pages\/13","targetHints":{"allow":["GET"]}}],"collection":[{"href":"https:\/\/1xbet-ih.top\/ro\/wp-json\/wp\/v2\/pages"}],"about":[{"href":"https:\/\/1xbet-ih.top\/ro\/wp-json\/wp\/v2\/types\/page"}],"author":[{"embeddable":true,"href":"https:\/\/1xbet-ih.top\/ro\/wp-json\/wp\/v2\/users\/1"}],"replies":[{"embeddable":true,"href":"https:\/\/1xbet-ih.top\/ro\/wp-json\/wp\/v2\/comments?post=13"}],"version-history":[{"count":16,"href":"https:\/\/1xbet-ih.top\/ro\/wp-json\/wp\/v2\/pages\/13\/revisions"}],"predecessor-version":[{"id":84,"href":"https:\/\/1xbet-ih.top\/ro\/wp-json\/wp\/v2\/pages\/13\/revisions\/84"}],"wp:attachment":[{"href":"https:\/\/1xbet-ih.top\/ro\/wp-json\/wp\/v2\/media?parent=13"}],"curies":[{"name":"wp","href":"https:\/\/api.w.org\/{rel}","templated":true}]}}