{"id":7,"date":"2024-06-02T00:44:21","date_gmt":"2024-06-01T21:44:21","guid":{"rendered":"https:\/\/1xbet-ih.top\/?page_id=7"},"modified":"2024-06-03T00:35:24","modified_gmt":"2024-06-02T21:35:24","slug":"what-is-the-1xbet-casino","status":"publish","type":"page","link":"https:\/\/1xbet-ih.top\/ro\/","title":{"rendered":"Ce este cazinoul 1xbet?"},"content":{"rendered":"<p><span style=\"font-weight: 400;\">1xbet Casino este unul dintre liderii \u00een lumea jocurilor de noroc online, oferind juc\u0103torilor oportunitatea de a se bucura de o varietate de jocuri de noroc din confortul casei lor. Fondat cu scopul de a oferi o calitate inegalabil\u0103 \u0219i o gam\u0103 larg\u0103 de jocuri, 1xbet a c\u00e2\u0219tigat \u00eencrederea a milioane de utilizatori din \u00eentreaga lume. Casino-ul nostru ofer\u0103 nu doar sloturi clasice \u0219i jocuri de mas\u0103, ci \u0219i un format modern de live casino, unde po\u021bi juca cu dealeri reali \u00een timp real.<\/span><\/p>\n<p><span style=\"font-weight: 400;\">Ne str\u0103duim s\u0103 cre\u0103m pentru juc\u0103torii no\u0219tri o atmosfer\u0103 de cazino real, asigur\u00e2nd un nivel \u00eenalt de servicii \u0219i securitate. Site-ul 1xbet este conceput pentru a satisface nevoile chiar \u0219i celor mai preten\u021bio\u0219i utilizatori, oferind o varietate de jocuri \u0219i \u0219anse mari de c\u00e2\u0219tig. Al\u0103tur\u0103-te nou\u0103 \u0219i descoper\u0103 o lume de oportunit\u0103\u021bi nelimitate \u0219i emo\u021bii vii!<\/span><\/p>\n<h2><b>Avantajele Casino-ului 1xbet<\/b><\/h2>\n<ol>\n<li style=\"font-weight: 400;\" aria-level=\"1\"><b>Gam\u0103 larg\u0103 de jocuri<\/b><span style=\"font-weight: 400;\">: \u00cen casino-ul nostru, vei g\u0103si peste 2000 de jocuri, inclusiv sloturi populare, jocuri clasice de c\u0103r\u021bi, rulet\u0103, poker \u0219i multe altele. Colabor\u0103m cu furnizori de software de jocuri de top, precum NetEnt, Microgaming, Play\u2019n GO, Yggdrasil \u0219i al\u021bii, asigur\u00e2nd calitatea \u00eenalt\u0103 a graficii \u0219i sunetului.<\/span><\/li>\n<li style=\"font-weight: 400;\" aria-level=\"1\"><b>Bonusuri \u0219i promo\u021bii<\/b><span style=\"font-weight: 400;\">: Casino-ul 1xbet ofer\u0103 unele dintre cele mai atractive bonusuri din industrie. Juc\u0103torii noi pot primi un bonus generos de bun venit, care va ajuta la \u00eenceperea jocului cu un bankroll m\u0103rit. Promo\u021biile \u0219i codurile promo\u021bionale regulate \u00ee\u021bi permit s\u0103 ob\u021bii bonusuri suplimentare, rotiri gratuite \u0219i s\u0103 participi la extrageri de premii valoroase.<\/span><\/li>\n<li style=\"font-weight: 400;\" aria-level=\"1\"><b>Interfa\u021b\u0103 prietenoas\u0103<\/b><span style=\"font-weight: 400;\">: Site-ul nostru are o interfa\u021b\u0103 intuitiv\u0103 care \u00ee\u021bi permite s\u0103 navighezi cu u\u0219urin\u021b\u0103 \u0219i s\u0103 g\u0103se\u0219ti jocurile \u0219i sec\u021biunile necesare. Navigarea convenabil\u0103 \u0219i designul g\u00e2ndit fac procesul de joc c\u00e2t mai confortabil posibil.<\/span><\/li>\n<li style=\"font-weight: 400;\" aria-level=\"1\"><b>Versiune mobil\u0103<\/b><span style=\"font-weight: 400;\">: Pentru cei care prefer\u0103 s\u0103 joace \u00een mi\u0219care, 1xbet ofer\u0103 o versiune mobil\u0103 complet\u0103 a site-ului \u0219i o aplica\u021bie mobil\u0103 convenabil\u0103. Po\u021bi s\u0103 te bucuri de jocurile tale preferate \u00een orice moment \u0219i \u00een orice loc folosind un smartphone sau o tablet\u0103.<\/span><\/li>\n<li style=\"font-weight: 400;\" aria-level=\"1\"><b>Securitate<\/b><span style=\"font-weight: 400;\">: Acord\u0103m o aten\u021bie special\u0103 securit\u0103\u021bii utilizatorilor no\u0219tri. Tot traficul de pe site este criptat folosind tehnologii avansate SSL, asigur\u00e2nd confiden\u021bialitatea datelor tale \u0219i protec\u021bia tranzac\u021biilor financiare.<\/span><\/li>\n<li style=\"font-weight: 400;\" aria-level=\"1\"><b>Suport 24\/7<\/b><span style=\"font-weight: 400;\">: Serviciul nostru de suport este gata s\u0103 te ajute \u00een orice moment al zilei. Po\u021bi s\u0103 ne contactezi telefonic, prin chat online sau prin e-mail. Ne str\u0103duim s\u0103 rezolv\u0103m prompt orice probleme \u0219i \u00eentreb\u0103ri ap\u0103rute, astfel \u00eenc\u00e2t s\u0103 te po\u021bi bucura de joc f\u0103r\u0103 griji.<\/span><\/li>\n<li style=\"font-weight: 400;\" aria-level=\"1\"><b>Platform\u0103 multilingv\u0103<\/b><span style=\"font-weight: 400;\">: Casino-ul 1xbet este disponibil \u00een mai multe limbi, ceea ce \u00eel face convenabil pentru juc\u0103torii din diferite \u021b\u0103ri. Po\u021bi alege limba interfe\u021bei \u0219i a comunic\u0103rii cu suportul care \u00ee\u021bi este cea mai convenabil\u0103.<\/span><\/li>\n<\/ol>\n<h2><b>Dezavantajele Casino-ului<\/b><\/h2>\n<ol>\n<li style=\"font-weight: 400;\" aria-level=\"1\"><b>Restric\u021bii \u00een unele \u021b\u0103ri<\/b><span style=\"font-weight: 400;\">: \u00cen ciuda prezen\u021bei globale, Casino-ul 1xbet nu este disponibil \u00een unele \u021b\u0103ri din cauza restric\u021biilor legale. Acest lucru poate limita accesul la jocuri pentru unii utilizatori.<\/span><\/li>\n<li style=\"font-weight: 400;\" aria-level=\"1\"><b>Dependen\u021ba de conexiunea la internet<\/b><span style=\"font-weight: 400;\">: Pentru o experien\u021b\u0103 de joc confortabil\u0103, este necesar\u0103 o conexiune stabil\u0103 la internet, ceea ce poate fi problematic \u00een unele regiuni. Conexiunea slab\u0103 poate duce la \u00eentreruperi ale jocurilor \u0219i la sc\u0103derea calit\u0103\u021bii serviciului.<\/span><\/li>\n<li style=\"font-weight: 400;\" aria-level=\"1\"><b>Risc de pierdere a banilor<\/b><span style=\"font-weight: 400;\">: Ca \u0219i \u00een orice cazino, exist\u0103 riscul de a pierde fondurile investite. Este important s\u0103 \u00ee\u021bi aminte\u0219ti necesitatea unei abord\u0103ri responsabile fa\u021b\u0103 de joc \u0219i s\u0103 \u00ee\u021bi stabile\u0219ti limite personale pentru a evita problemele financiare.<\/span><\/li>\n<li style=\"font-weight: 400;\" aria-level=\"1\"><b>Probleme de reglementare<\/b><span style=\"font-weight: 400;\">: \u00cen unele \u021b\u0103ri, pot ap\u0103rea \u00eentreb\u0103ri legate de legalitatea cazinourilor online, ceea ce poate cauza inconvenien\u021be pentru juc\u0103tori. Este important s\u0103 verifici aspectele legislative din regiunea ta \u00eenainte de a te \u00eenregistra.<\/span><\/li>\n<\/ol>\n<h2><b>Metode de \u00eenregistrare<\/b><\/h2>\n<p><span style=\"font-weight: 400;\">\u00cenregistrarea la Casino-ul 1xbet este un proces rapid \u0219i u\u0219or, care dureaz\u0103 doar c\u00e2teva minute. Oferim mai multe metode convenabile de \u00eenregistrare, astfel \u00eenc\u00e2t s\u0103 po\u021bi alege cea care \u021bi se potrive\u0219te cel mai bine:<\/span><\/p>\n<ol>\n<li style=\"font-weight: 400;\" aria-level=\"1\"><b>Un singur clic<\/b><span style=\"font-weight: 400;\">: Cea mai rapid\u0103 metod\u0103 de \u00eenregistrare care necesit\u0103 informa\u021bii minime. Pur \u0219i simplu alegi \u021bara \u0219i valuta, iar contul t\u0103u este gata de utilizare. Ulterior, \u00ee\u021bi po\u021bi completa detaliile \u00een contul personal.<\/span><\/li>\n<li style=\"font-weight: 400;\" aria-level=\"1\"><b>Prin num\u0103rul de telefon<\/b><span style=\"font-weight: 400;\">: Introdu num\u0103rul t\u0103u de telefon \u0219i prime\u0219ti un SMS de confirmare. Aceasta este o metod\u0103 convenabil\u0103 pentru cei care doresc s\u0103 se \u00eenregistreze rapid \u0219i s\u0103 \u00eenceap\u0103 s\u0103 joace imediat.<\/span><\/li>\n<li style=\"font-weight: 400;\" aria-level=\"1\"><b>Prin e-mail<\/b><span style=\"font-weight: 400;\">: Completeaz\u0103 formularul cu informa\u021biile tale personale, inclusiv e-mailul \u0219i parola. Dup\u0103 confirmarea \u00eenregistr\u0103rii prin e-mail, vei avea acces complet la toate func\u021biile site-ului.<\/span><\/li>\n<li style=\"font-weight: 400;\" aria-level=\"1\"><b>Prin re\u021belele sociale<\/b><span style=\"font-weight: 400;\">: Folose\u0219te conturile tale de pe re\u021belele sociale, precum Facebook, Google \u0219i altele, pentru \u00eenregistrare \u0219i autentificare rapid\u0103. Acest lucru evit\u0103 completarea formularelor lungi \u0219i \u00ee\u021bi permite s\u0103 \u00eencepi s\u0103 joci instantaneu.<\/span><\/li>\n<\/ol>\n<h2><b>Metode de depunere<\/b><\/h2>\n<p><span style=\"font-weight: 400;\">Pentru confortul utilizatorilor no\u0219tri, oferim multe modalit\u0103\u021bi de a-\u021bi alimenta contul. Po\u021bi alege metoda care \u021bi se potrive\u0219te cel mai bine din op\u021biunile disponibile:<\/span><\/p>\n<ol>\n<li style=\"font-weight: 400;\" aria-level=\"1\"><b>Carduri bancare<\/b><span style=\"font-weight: 400;\">: Sunt acceptate Visa, MasterCard \u0219i Maestro. Aceasta este una dintre cele mai populare \u0219i sigure modalit\u0103\u021bi de a-\u021bi alimenta contul.<\/span><\/li>\n<li style=\"font-weight: 400;\" aria-level=\"1\"><b>Portofele electronice<\/b><span style=\"font-weight: 400;\">: Sunt acceptate servicii populare precum Skrill, Neteller, WebMoney \u0219i altele. Aceste metode ofer\u0103 tranzac\u021bii rapide \u0219i sigure.<\/span><\/li>\n<\/ol>\n","protected":false},"excerpt":{"rendered":"<p>1xbet Casino este unul dintre liderii \u00een lumea jocurilor de noroc online, oferind juc\u0103torilor oportunitatea de a se bucura de o varietate de jocuri de noroc din confortul casei lor. Fondat cu scopul de a oferi o calitate inegalabil\u0103 \u0219i o gam\u0103 larg\u0103 de jocuri, 1xbet a c\u00e2\u0219tigat \u00eencrederea a milioane de utilizatori din \u00eentreaga&#8230;<\/p>\n","protected":false},"author":1,"featured_media":0,"parent":0,"menu_order":0,"comment_status":"closed","ping_status":"closed","template":"","meta":{"footnotes":""},"class_list":["post-7","page","type-page","status-publish","hentry"],"yoast_head":"<!-- This site is optimized with the Yoast SEO plugin v27.2 - https:\/\/yoast.com\/product\/yoast-seo-wordpress\/ -->\n<title>\u0429\u043e \u0442\u0430\u043a\u0435 1xbet \u041e\u043d\u043b\u0430\u0439\u043d \u041a\u0430\u0437\u0438\u043d\u043e?<\/title>\n<meta name=\"description\" content=\"Cum s\u0103 joci \u0219i s\u0103 c\u00e2\u0219tigi la casino online 1xbet. \u00cenregistreaz\u0103-te pe site-ul oficial, f\u0103 un depozit, retrage c\u00e2\u0219tigurile, conecteaz\u0103-te.\" \/>\n<meta name=\"robots\" content=\"index, follow, max-snippet:-1, max-image-preview:large, max-video-preview:-1\" \/>\n<link rel=\"canonical\" href=\"https:\/\/1xbet-ih.top\/ro\/\" \/>\n<meta property=\"og:locale\" content=\"ro_RO\" \/>\n<meta property=\"og:locale:alternate\" content=\"ru_RU\" \/>\n<meta property=\"og:locale:alternate\" content=\"en_US\" \/>\n<meta property=\"og:locale:alternate\" content=\"pt_PT\" \/>\n<meta property=\"og:locale:alternate\" content=\"es_ES\" \/>\n<meta property=\"og:locale:alternate\" content=\"sr_RS\" \/>\n<meta property=\"og:locale:alternate\" content=\"bg_BG\" \/>\n<meta property=\"og:locale:alternate\" content=\"uk\" \/>\n<meta property=\"og:type\" content=\"article\" \/>\n<meta property=\"og:title\" content=\"\u0429\u043e \u0442\u0430\u043a\u0435 1xbet \u041e\u043d\u043b\u0430\u0439\u043d \u041a\u0430\u0437\u0438\u043d\u043e?\" \/>\n<meta property=\"og:description\" content=\"\u042f\u043a \u0433\u0440\u0430\u0442\u0438 \u0442\u0430 \u0432\u0438\u0433\u0440\u0430\u0432\u0430\u0442\u0438 \u0432 \u043e\u043d\u043b\u0430\u0439\u043d \u043a\u0430\u0437\u0438\u043d\u043e 1xbet. \u0417\u0430\u0440\u0435\u0454\u0441\u0442\u0440\u0443\u0439\u0442\u0435\u0441\u044c \u043d\u0430 \u043e\u0444\u0456\u0446\u0456\u0439\u043d\u043e\u043c\u0443 \u0441\u0430\u0439\u0442\u0456, \u0432\u043d\u0435\u0441\u0456\u0442\u044c \u0434\u0435\u043f\u043e\u0437\u0438\u0442, \u0432\u0438\u0432\u0435\u0434\u0456\u0442\u044c \u0432\u0438\u0433\u0440\u0430\u0448, \u0443\u0432\u0456\u0439\u0434\u0456\u0442\u044c.\" \/>\n<meta property=\"og:url\" content=\"https:\/\/1xbet-ih.top\/ro\/\" \/>\n<meta property=\"og:site_name\" content=\"1xbet\" \/>\n<meta property=\"article:modified_time\" content=\"2024-06-02T21:35:24+00:00\" \/>\n<meta name=\"twitter:card\" content=\"summary_large_image\" \/>\n<meta name=\"twitter:label1\" content=\"Timp estimat pentru citire\" \/>\n\t<meta name=\"twitter:data1\" content=\"19 minute\" \/>\n<script type=\"application\/ld+json\" class=\"yoast-schema-graph\">{\"@context\":\"https:\/\/schema.org\",\"@graph\":[{\"@type\":\"WebPage\",\"@id\":\"https:\/\/1xbet-ih.top\/\",\"url\":\"https:\/\/1xbet-ih.top\/\",\"name\":\"\u0429\u043e \u0442\u0430\u043a\u0435 1xbet \u041e\u043d\u043b\u0430\u0439\u043d \u041a\u0430\u0437\u0438\u043d\u043e?\",\"isPartOf\":{\"@id\":\"https:\/\/1xbet-ih.top\/#website\"},\"datePublished\":\"2024-06-01T21:44:21+00:00\",\"dateModified\":\"2024-06-02T21:35:24+00:00\",\"description\":\"\u042f\u043a \u0433\u0440\u0430\u0442\u0438 \u0442\u0430 \u0432\u0438\u0433\u0440\u0430\u0432\u0430\u0442\u0438 \u0432 \u043e\u043d\u043b\u0430\u0439\u043d \u043a\u0430\u0437\u0438\u043d\u043e 1xbet. \u0417\u0430\u0440\u0435\u0454\u0441\u0442\u0440\u0443\u0439\u0442\u0435\u0441\u044c \u043d\u0430 \u043e\u0444\u0456\u0446\u0456\u0439\u043d\u043e\u043c\u0443 \u0441\u0430\u0439\u0442\u0456, \u0432\u043d\u0435\u0441\u0456\u0442\u044c \u0434\u0435\u043f\u043e\u0437\u0438\u0442, \u0432\u0438\u0432\u0435\u0434\u0456\u0442\u044c \u0432\u0438\u0433\u0440\u0430\u0448, \u0443\u0432\u0456\u0439\u0434\u0456\u0442\u044c.\",\"breadcrumb\":{\"@id\":\"https:\/\/1xbet-ih.top\/#breadcrumb\"},\"inLanguage\":\"ro-RO\",\"potentialAction\":[{\"@type\":\"ReadAction\",\"target\":[\"https:\/\/1xbet-ih.top\/\"]}]},{\"@type\":\"BreadcrumbList\",\"@id\":\"https:\/\/1xbet-ih.top\/#breadcrumb\",\"itemListElement\":[{\"@type\":\"ListItem\",\"position\":1,\"name\":\"Home\",\"item\":\"https:\/\/1xbet-ih.top\/\"},{\"@type\":\"ListItem\",\"position\":2,\"name\":\"\u0429\u043e \u0442\u0430\u043a\u0435 \u043a\u0430\u0437\u0438\u043d\u043e 1xbet?\"}]},{\"@type\":\"WebSite\",\"@id\":\"https:\/\/1xbet-ih.top\/#website\",\"url\":\"https:\/\/1xbet-ih.top\/\",\"name\":\"1xbet\",\"description\":\"\",\"potentialAction\":[{\"@type\":\"SearchAction\",\"target\":{\"@type\":\"EntryPoint\",\"urlTemplate\":\"https:\/\/1xbet-ih.top\/?s={search_term_string}\"},\"query-input\":{\"@type\":\"PropertyValueSpecification\",\"valueRequired\":true,\"valueName\":\"search_term_string\"}}],\"inLanguage\":\"ro-RO\"}]}<\/script>\n<!-- \/ Yoast SEO plugin. -->","yoast_head_json":{"title":"\u0429\u043e \u0442\u0430\u043a\u0435 1xbet \u041e\u043d\u043b\u0430\u0439\u043d \u041a\u0430\u0437\u0438\u043d\u043e?","description":"Cum s\u0103 joci \u0219i s\u0103 c\u00e2\u0219tigi la casino online 1xbet. \u00cenregistreaz\u0103-te pe site-ul oficial, f\u0103 un depozit, retrage c\u00e2\u0219tigurile, conecteaz\u0103-te.","robots":{"index":"index","follow":"follow","max-snippet":"max-snippet:-1","max-image-preview":"max-image-preview:large","max-video-preview":"max-video-preview:-1"},"canonical":"https:\/\/1xbet-ih.top\/ro\/","og_locale":"ro_RO","og_type":"article","og_title":"\u0429\u043e \u0442\u0430\u043a\u0435 1xbet \u041e\u043d\u043b\u0430\u0439\u043d \u041a\u0430\u0437\u0438\u043d\u043e?","og_description":"\u042f\u043a \u0433\u0440\u0430\u0442\u0438 \u0442\u0430 \u0432\u0438\u0433\u0440\u0430\u0432\u0430\u0442\u0438 \u0432 \u043e\u043d\u043b\u0430\u0439\u043d \u043a\u0430\u0437\u0438\u043d\u043e 1xbet. \u0417\u0430\u0440\u0435\u0454\u0441\u0442\u0440\u0443\u0439\u0442\u0435\u0441\u044c \u043d\u0430 \u043e\u0444\u0456\u0446\u0456\u0439\u043d\u043e\u043c\u0443 \u0441\u0430\u0439\u0442\u0456, \u0432\u043d\u0435\u0441\u0456\u0442\u044c \u0434\u0435\u043f\u043e\u0437\u0438\u0442, \u0432\u0438\u0432\u0435\u0434\u0456\u0442\u044c \u0432\u0438\u0433\u0440\u0430\u0448, \u0443\u0432\u0456\u0439\u0434\u0456\u0442\u044c.","og_url":"https:\/\/1xbet-ih.top\/ro\/","og_site_name":"1xbet","article_modified_time":"2024-06-02T21:35:24+00:00","twitter_card":"summary_large_image","twitter_misc":{"Timp estimat pentru citire":"19 minute"},"schema":{"@context":"https:\/\/schema.org","@graph":[{"@type":"WebPage","@id":"https:\/\/1xbet-ih.top\/","url":"https:\/\/1xbet-ih.top\/","name":"\u0429\u043e \u0442\u0430\u043a\u0435 1xbet \u041e\u043d\u043b\u0430\u0439\u043d \u041a\u0430\u0437\u0438\u043d\u043e?","isPartOf":{"@id":"https:\/\/1xbet-ih.top\/#website"},"datePublished":"2024-06-01T21:44:21+00:00","dateModified":"2024-06-02T21:35:24+00:00","description":"\u042f\u043a \u0433\u0440\u0430\u0442\u0438 \u0442\u0430 \u0432\u0438\u0433\u0440\u0430\u0432\u0430\u0442\u0438 \u0432 \u043e\u043d\u043b\u0430\u0439\u043d \u043a\u0430\u0437\u0438\u043d\u043e 1xbet. \u0417\u0430\u0440\u0435\u0454\u0441\u0442\u0440\u0443\u0439\u0442\u0435\u0441\u044c \u043d\u0430 \u043e\u0444\u0456\u0446\u0456\u0439\u043d\u043e\u043c\u0443 \u0441\u0430\u0439\u0442\u0456, \u0432\u043d\u0435\u0441\u0456\u0442\u044c \u0434\u0435\u043f\u043e\u0437\u0438\u0442, \u0432\u0438\u0432\u0435\u0434\u0456\u0442\u044c \u0432\u0438\u0433\u0440\u0430\u0448, \u0443\u0432\u0456\u0439\u0434\u0456\u0442\u044c.","breadcrumb":{"@id":"https:\/\/1xbet-ih.top\/#breadcrumb"},"inLanguage":"ro-RO","potentialAction":[{"@type":"ReadAction","target":["https:\/\/1xbet-ih.top\/"]}]},{"@type":"BreadcrumbList","@id":"https:\/\/1xbet-ih.top\/#breadcrumb","itemListElement":[{"@type":"ListItem","position":1,"name":"Home","item":"https:\/\/1xbet-ih.top\/"},{"@type":"ListItem","position":2,"name":"\u0429\u043e \u0442\u0430\u043a\u0435 \u043a\u0430\u0437\u0438\u043d\u043e 1xbet?"}]},{"@type":"WebSite","@id":"https:\/\/1xbet-ih.top\/#website","url":"https:\/\/1xbet-ih.top\/","name":"1xbet","description":"","potentialAction":[{"@type":"SearchAction","target":{"@type":"EntryPoint","urlTemplate":"https:\/\/1xbet-ih.top\/?s={search_term_string}"},"query-input":{"@type":"PropertyValueSpecification","valueRequired":true,"valueName":"search_term_string"}}],"inLanguage":"ro-RO"}]}},"_links":{"self":[{"href":"https:\/\/1xbet-ih.top\/ro\/wp-json\/wp\/v2\/pages\/7","targetHints":{"allow":["GET"]}}],"collection":[{"href":"https:\/\/1xbet-ih.top\/ro\/wp-json\/wp\/v2\/pages"}],"about":[{"href":"https:\/\/1xbet-ih.top\/ro\/wp-json\/wp\/v2\/types\/page"}],"author":[{"embeddable":true,"href":"https:\/\/1xbet-ih.top\/ro\/wp-json\/wp\/v2\/users\/1"}],"replies":[{"embeddable":true,"href":"https:\/\/1xbet-ih.top\/ro\/wp-json\/wp\/v2\/comments?post=7"}],"version-history":[{"count":16,"href":"https:\/\/1xbet-ih.top\/ro\/wp-json\/wp\/v2\/pages\/7\/revisions"}],"predecessor-version":[{"id":87,"href":"https:\/\/1xbet-ih.top\/ro\/wp-json\/wp\/v2\/pages\/7\/revisions\/87"}],"wp:attachment":[{"href":"https:\/\/1xbet-ih.top\/ro\/wp-json\/wp\/v2\/media?parent=7"}],"curies":[{"name":"wp","href":"https:\/\/api.w.org\/{rel}","templated":true}]}}